{"id":2710,"date":"2024-01-02T14:56:19","date_gmt":"2024-01-02T11:56:19","guid":{"rendered":"https:\/\/zerowebdemo.com\/medbar\/?page_id=2710"},"modified":"2024-01-02T16:45:21","modified_gmt":"2024-01-02T13:45:21","slug":"stratejiler","status":"publish","type":"page","link":"https:\/\/medbar.com.tr\/en\/kurumsal\/stratejiler\/","title":{"rendered":"Strategies"},"content":{"rendered":"<div data-elementor-type=\"wp-page\" data-elementor-id=\"2710\" class=\"elementor elementor-2710\" data-elementor-post-type=\"page\">\n\t\t\t\t\t\t\t\t\t<section class=\"elementor-section elementor-top-section elementor-element elementor-element-4025278 elementor-section-full_width elementor-section-height-default elementor-section-height-default\" data-id=\"4025278\" data-element_type=\"section\">\n\t\t\t\t\t\t<div class=\"elementor-container elementor-column-gap-default\">\n\t\t\t\t\t<div class=\"elementor-column elementor-col-50 elementor-top-column elementor-element elementor-element-0c83fab\" data-id=\"0c83fab\" data-element_type=\"column\">\n\t\t\t<div class=\"elementor-widget-wrap elementor-element-populated\">\n\t\t\t\t\t\t\t\t<div class=\"elementor-element elementor-element-0871114 elementor-widget elementor-widget-text-editor\" data-id=\"0871114\" data-element_type=\"widget\" data-widget_type=\"text-editor.default\">\n\t\t\t\t<div class=\"elementor-widget-container\">\n\t\t\t<style>\/*! elementor - v3.18.0 - 20-12-2023 *\/\n.elementor-widget-text-editor.elementor-drop-cap-view-stacked .elementor-drop-cap{background-color:#69727d;color:#fff}.elementor-widget-text-editor.elementor-drop-cap-view-framed .elementor-drop-cap{color:#69727d;border:3px solid;background-color:transparent}.elementor-widget-text-editor:not(.elementor-drop-cap-view-default) .elementor-drop-cap{margin-top:8px}.elementor-widget-text-editor:not(.elementor-drop-cap-view-default) .elementor-drop-cap-letter{width:1em;height:1em}.elementor-widget-text-editor .elementor-drop-cap{float:left;text-align:center;line-height:1;font-size:50px}.elementor-widget-text-editor .elementor-drop-cap-letter{display:inline-block}<\/style>\t\t\t\t<p>Our strategies are based on our most important assets: our human resources, our experience and our perfectionism;<\/p><ul class=\"list-style2\"><li>Recruit, develop and retain the best human resources in the industry<\/li><li>Investing in technology<\/li><li>Transferring a significant portion of our revenue to R&amp;D activities<\/li><li>To produce products with the highest possible quality\/price ratio<\/li><li>To have an excellent and efficient quality control system<\/li><li>Carefully consider each end-user feedback<\/li><li>Sustainable growth<\/li><\/ul>\t\t\t\t\t\t<\/div>\n\t\t\t\t<\/div>\n\t\t\t\t\t<\/div>\n\t\t<\/div>\n\t\t\t\t<div class=\"elementor-column elementor-col-50 elementor-top-column elementor-element elementor-element-ca6f53a\" data-id=\"ca6f53a\" data-element_type=\"column\">\n\t\t\t<div class=\"elementor-widget-wrap elementor-element-populated\">\n\t\t\t\t\t\t\t\t<div class=\"elementor-element elementor-element-9d121ed elementor-widget elementor-widget-image\" data-id=\"9d121ed\" data-element_type=\"widget\" data-widget_type=\"image.default\">\n\t\t\t\t<div class=\"elementor-widget-container\">\n\t\t\t<style>\/*! elementor - v3.18.0 - 20-12-2023 *\/\n.elementor-widget-image{text-align:center}.elementor-widget-image a{display:inline-block}.elementor-widget-image a img[src$=\".svg\"]{width:48px}.elementor-widget-image img{vertical-align:middle;display:inline-block}<\/style>\t\t\t\t\t\t\t\t\t\t\t\t<img fetchpriority=\"high\" decoding=\"async\" width=\"745\" height=\"408\" src=\"https:\/\/medbar.com.tr\/wp-content\/uploads\/2024\/01\/strateji-1.png\" class=\"attachment-large size-large wp-image-2803\" alt=\"\" srcset=\"https:\/\/medbar.com.tr\/wp-content\/uploads\/2024\/01\/strateji-1.png 745w, https:\/\/medbar.com.tr\/wp-content\/uploads\/2024\/01\/strateji-1-300x164.png 300w, https:\/\/medbar.com.tr\/wp-content\/uploads\/2024\/01\/strateji-1-600x329.png 600w\" sizes=\"(max-width: 745px) 100vw, 745px\" \/>\t\t\t\t\t\t\t\t\t\t\t\t\t\t\t<\/div>\n\t\t\t\t<\/div>\n\t\t\t\t\t<\/div>\n\t\t<\/div>\n\t\t\t\t\t\t\t<\/div>\n\t\t<\/section>\n\t\t\t\t\t\t\t<\/div>","protected":false},"excerpt":{"rendered":"<p>Stratejilerimiz sahip oldu\u011fumuz en \u00f6nemli varl\u0131klar\u0131m\u0131z olan insan kayna\u011f\u0131m\u0131z, deneyimimiz ve m\u00fckemmeliyet\u00e7ili\u011fimize g\u00f6re olu\u015fturulur; Sekt\u00f6rdeki en iyi insan kayna\u011f\u0131n\u0131 i\u015fe almak, geli\u015ftirmek ve muhafaza etmek Teknolojiye yat\u0131r\u0131m yapmak Gelirimizin \u00f6nemli bir k\u0131sm\u0131n\u0131 Ar-Ge \u00e7al\u0131\u015fmalar\u0131na aktarmak Olabilecek en y\u00fcksek kalite\/fiyat oran\u0131nda \u00fcr\u00fcn \u00fcretmek M\u00fckemmel ve verimli \u00e7al\u0131\u015fan bir kalite kontrol sistemine sahip olmak Her son kullan\u0131c\u0131 [&hellip;]<\/p>","protected":false},"author":1,"featured_media":0,"parent":21,"menu_order":0,"comment_status":"closed","ping_status":"closed","template":"","meta":{"footnotes":""},"acf":[],"_links":{"self":[{"href":"https:\/\/medbar.com.tr\/en\/wp-json\/wp\/v2\/pages\/2710"}],"collection":[{"href":"https:\/\/medbar.com.tr\/en\/wp-json\/wp\/v2\/pages"}],"about":[{"href":"https:\/\/medbar.com.tr\/en\/wp-json\/wp\/v2\/types\/page"}],"author":[{"embeddable":true,"href":"https:\/\/medbar.com.tr\/en\/wp-json\/wp\/v2\/users\/1"}],"replies":[{"embeddable":true,"href":"https:\/\/medbar.com.tr\/en\/wp-json\/wp\/v2\/comments?post=2710"}],"version-history":[{"count":10,"href":"https:\/\/medbar.com.tr\/en\/wp-json\/wp\/v2\/pages\/2710\/revisions"}],"predecessor-version":[{"id":2848,"href":"https:\/\/medbar.com.tr\/en\/wp-json\/wp\/v2\/pages\/2710\/revisions\/2848"}],"up":[{"embeddable":true,"href":"https:\/\/medbar.com.tr\/en\/wp-json\/wp\/v2\/pages\/21"}],"wp:attachment":[{"href":"https:\/\/medbar.com.tr\/en\/wp-json\/wp\/v2\/media?parent=2710"}],"curies":[{"name":"wp","href":"https:\/\/api.w.org\/{rel}","templated":true}]}}