{"id":2712,"date":"2024-01-02T14:57:16","date_gmt":"2024-01-02T11:57:16","guid":{"rendered":"https:\/\/zerowebdemo.com\/medbar\/?page_id=2712"},"modified":"2024-01-02T16:38:57","modified_gmt":"2024-01-02T13:38:57","slug":"kalite-politikasi","status":"publish","type":"page","link":"https:\/\/medbar.com.tr\/en\/kalite\/kalite-politikasi\/","title":{"rendered":"Quality Policy"},"content":{"rendered":"<div data-elementor-type=\"wp-page\" data-elementor-id=\"2712\" class=\"elementor elementor-2712\" data-elementor-post-type=\"page\">\n\t\t\t\t\t\t\t\t\t<section class=\"elementor-section elementor-top-section elementor-element elementor-element-8f09fa2 elementor-section-full_width elementor-section-height-default elementor-section-height-default\" data-id=\"8f09fa2\" data-element_type=\"section\">\n\t\t\t\t\t\t<div class=\"elementor-container elementor-column-gap-default\">\n\t\t\t\t\t<div class=\"elementor-column elementor-col-100 elementor-top-column elementor-element elementor-element-f130fbf\" data-id=\"f130fbf\" data-element_type=\"column\">\n\t\t\t<div class=\"elementor-widget-wrap elementor-element-populated\">\n\t\t\t\t\t\t\t\t<div class=\"elementor-element elementor-element-1965eb2 elementor-widget elementor-widget-text-editor\" data-id=\"1965eb2\" data-element_type=\"widget\" data-widget_type=\"text-editor.default\">\n\t\t\t\t<div class=\"elementor-widget-container\">\n\t\t\t<style>\/*! elementor - v3.18.0 - 20-12-2023 *\/\n.elementor-widget-text-editor.elementor-drop-cap-view-stacked .elementor-drop-cap{background-color:#69727d;color:#fff}.elementor-widget-text-editor.elementor-drop-cap-view-framed .elementor-drop-cap{color:#69727d;border:3px solid;background-color:transparent}.elementor-widget-text-editor:not(.elementor-drop-cap-view-default) .elementor-drop-cap{margin-top:8px}.elementor-widget-text-editor:not(.elementor-drop-cap-view-default) .elementor-drop-cap-letter{width:1em;height:1em}.elementor-widget-text-editor .elementor-drop-cap{float:left;text-align:center;line-height:1;font-size:50px}.elementor-widget-text-editor .elementor-drop-cap-letter{display:inline-block}<\/style>\t\t\t\t<p>Medbar T\u0131bbi Malzemeler Tur. San. and Tic. A.\u015e., as an organization serving the medical sector, makes production in accordance with national and international legislation and harmonized standards related to the sector. Medbar implements a quality management system in accordance with ISO 13485:2016 standard and its quality policy consists of the following defining elements:<\/p>\t\t\t\t\t\t<\/div>\n\t\t\t\t<\/div>\n\t\t\t\t\t<\/div>\n\t\t<\/div>\n\t\t\t\t\t\t\t<\/div>\n\t\t<\/section>\n\t\t\t\t<section class=\"elementor-section elementor-top-section elementor-element elementor-element-66af0f1 elementor-section-full_width elementor-section-height-default elementor-section-height-default\" data-id=\"66af0f1\" data-element_type=\"section\">\n\t\t\t\t\t\t<div class=\"elementor-container elementor-column-gap-default\">\n\t\t\t\t\t<div class=\"elementor-column elementor-col-50 elementor-top-column elementor-element elementor-element-fd7e0c1\" data-id=\"fd7e0c1\" data-element_type=\"column\">\n\t\t\t<div class=\"elementor-widget-wrap elementor-element-populated\">\n\t\t\t\t\t\t\t\t<div class=\"elementor-element elementor-element-5432e55 elementor-widget elementor-widget-text-editor\" data-id=\"5432e55\" data-element_type=\"widget\" data-widget_type=\"text-editor.default\">\n\t\t\t\t<div class=\"elementor-widget-container\">\n\t\t\t\t\t\t\t<ul class=\"list-style2\">\n \t<li>To produce high quality products in compliance with national and international legislation and laws,<\/li>\n \t<li>Supplying products on time,<\/li>\n \t<li>To ensure customer and patient satisfaction,<\/li>\n \t<li>Prioritizing patient health and safety,<\/li>\n \t<li>Making improvements in process and production, taking into account user and customer feedback,<\/li>\n \t<li>To instill the company culture in employees.<\/li>\n \t<li>Continuously improve the system through regulatory and preventive actions,<\/li>\n \t<li>Utilizing all necessary internal and external resources in the most efficient manner,<\/li>\n \t<li>Establishing quality targets and reviewing these targets at regular intervals,<\/li>\n \t<li>To follow the developments in the sector,<\/li>\n \t<li>Respect for the environment,<\/li>\n \t<li>Internal and external communication and professionalism,<\/li>\n \t<li>Ensuring the training of employees for their professional development and equipping them with up-to-date information,<\/li>\n \t<li>Ensuring occupational safety of employees,<\/li>\n<\/ul>\t\t\t\t\t\t<\/div>\n\t\t\t\t<\/div>\n\t\t\t\t\t<\/div>\n\t\t<\/div>\n\t\t\t\t<div class=\"elementor-column elementor-col-50 elementor-top-column elementor-element elementor-element-f2b5be0\" data-id=\"f2b5be0\" data-element_type=\"column\">\n\t\t\t<div class=\"elementor-widget-wrap elementor-element-populated\">\n\t\t\t\t\t\t\t\t<div class=\"elementor-element elementor-element-155b1c5 elementor-widget elementor-widget-image\" data-id=\"155b1c5\" data-element_type=\"widget\" data-widget_type=\"image.default\">\n\t\t\t\t<div class=\"elementor-widget-container\">\n\t\t\t<style>\/*! elementor - v3.18.0 - 20-12-2023 *\/\n.elementor-widget-image{text-align:center}.elementor-widget-image a{display:inline-block}.elementor-widget-image a img[src$=\".svg\"]{width:48px}.elementor-widget-image img{vertical-align:middle;display:inline-block}<\/style>\t\t\t\t\t\t\t\t\t\t\t\t<img fetchpriority=\"high\" decoding=\"async\" width=\"900\" height=\"600\" src=\"https:\/\/medbar.com.tr\/wp-content\/uploads\/2024\/01\/medical-industry-1024x683.jpg\" class=\"attachment-large size-large wp-image-2819\" alt=\"\" srcset=\"https:\/\/medbar.com.tr\/wp-content\/uploads\/2024\/01\/medical-industry-1024x683.jpg 1024w, https:\/\/medbar.com.tr\/wp-content\/uploads\/2024\/01\/medical-industry-300x200.jpg 300w, https:\/\/medbar.com.tr\/wp-content\/uploads\/2024\/01\/medical-industry-768x512.jpg 768w, https:\/\/medbar.com.tr\/wp-content\/uploads\/2024\/01\/medical-industry-1536x1024.jpg 1536w, https:\/\/medbar.com.tr\/wp-content\/uploads\/2024\/01\/medical-industry-600x400.jpg 600w, https:\/\/medbar.com.tr\/wp-content\/uploads\/2024\/01\/medical-industry.jpg 1732w\" sizes=\"(max-width: 900px) 100vw, 900px\" \/>\t\t\t\t\t\t\t\t\t\t\t\t\t\t\t<\/div>\n\t\t\t\t<\/div>\n\t\t\t\t<div class=\"elementor-element elementor-element-a85c0e6 elementor-widget elementor-widget-image\" data-id=\"a85c0e6\" data-element_type=\"widget\" data-widget_type=\"image.default\">\n\t\t\t\t<div class=\"elementor-widget-container\">\n\t\t\t\t\t\t\t\t\t\t\t\t\t\t\t<img decoding=\"async\" width=\"900\" height=\"900\" src=\"https:\/\/medbar.com.tr\/wp-content\/uploads\/2023\/12\/medbar-logo.svg\" class=\"attachment-large size-large wp-image-2200\" alt=\"\" srcset=\"https:\/\/medbar.com.tr\/wp-content\/uploads\/medbar-logo.svg 150w, https:\/\/medbar.com.tr\/wp-content\/uploads\/medbar-logo.svg 300w, https:\/\/medbar.com.tr\/wp-content\/uploads\/medbar-logo.svg 1024w\" sizes=\"(max-width: 900px) 100vw, 900px\" \/>\t\t\t\t\t\t\t\t\t\t\t\t\t\t\t<\/div>\n\t\t\t\t<\/div>\n\t\t\t\t\t<\/div>\n\t\t<\/div>\n\t\t\t\t\t\t\t<\/div>\n\t\t<\/section>\n\t\t\t\t\t\t\t<\/div>","protected":false},"excerpt":{"rendered":"<p>Medbar T\u0131bbi Malzemeler Tur. San. ve Tic. A.\u015e., medikal sekt\u00f6re hizmet veren bir kurulu\u015f olarak sekt\u00f6rle ilgili ulusal ve uluslararas\u0131 mevzuata ve harmonize standartlara uygun \u00fcretim yapar. Medbar ISO 13485:2016 standard\u0131na uygun bir kalite y\u00f6netim sistemi uygulamaktad\u0131r ve kalite politikas\u0131 a\u015fa\u011f\u0131daki tan\u0131mlay\u0131c\u0131 unsurlardan olu\u015fmaktad\u0131r: Y\u00fcksek kalitede, ulusal ve uluslararas\u0131 mevzuat ve yasalara uygun \u00fcr\u00fcn \u00fcretmek, [&hellip;]<\/p>","protected":false},"author":1,"featured_media":0,"parent":2795,"menu_order":0,"comment_status":"closed","ping_status":"closed","template":"","meta":{"footnotes":""},"acf":[],"_links":{"self":[{"href":"https:\/\/medbar.com.tr\/en\/wp-json\/wp\/v2\/pages\/2712"}],"collection":[{"href":"https:\/\/medbar.com.tr\/en\/wp-json\/wp\/v2\/pages"}],"about":[{"href":"https:\/\/medbar.com.tr\/en\/wp-json\/wp\/v2\/types\/page"}],"author":[{"embeddable":true,"href":"https:\/\/medbar.com.tr\/en\/wp-json\/wp\/v2\/users\/1"}],"replies":[{"embeddable":true,"href":"https:\/\/medbar.com.tr\/en\/wp-json\/wp\/v2\/comments?post=2712"}],"version-history":[{"count":16,"href":"https:\/\/medbar.com.tr\/en\/wp-json\/wp\/v2\/pages\/2712\/revisions"}],"predecessor-version":[{"id":2831,"href":"https:\/\/medbar.com.tr\/en\/wp-json\/wp\/v2\/pages\/2712\/revisions\/2831"}],"up":[{"embeddable":true,"href":"https:\/\/medbar.com.tr\/en\/wp-json\/wp\/v2\/pages\/2795"}],"wp:attachment":[{"href":"https:\/\/medbar.com.tr\/en\/wp-json\/wp\/v2\/media?parent=2712"}],"curies":[{"name":"wp","href":"https:\/\/api.w.org\/{rel}","templated":true}]}}