{"id":2714,"date":"2024-01-02T14:57:55","date_gmt":"2024-01-02T11:57:55","guid":{"rendered":"https:\/\/zerowebdemo.com\/medbar\/?page_id=2714"},"modified":"2024-01-24T16:52:40","modified_gmt":"2024-01-24T13:52:40","slug":"belge-ve-sertifikalar","status":"publish","type":"page","link":"https:\/\/medbar.com.tr\/en\/kalite\/belge-ve-sertifikalar\/","title":{"rendered":"Documents and Certificates"},"content":{"rendered":"<div data-elementor-type=\"wp-page\" data-elementor-id=\"2714\" class=\"elementor elementor-2714\" data-elementor-post-type=\"page\">\n\t\t\t\t\t\t\t\t\t<section class=\"elementor-section elementor-top-section elementor-element elementor-element-3cb57d5 elementor-section-boxed elementor-section-height-default elementor-section-height-default\" data-id=\"3cb57d5\" data-element_type=\"section\">\n\t\t\t\t\t\t<div class=\"elementor-container elementor-column-gap-default\">\n\t\t\t\t\t<div class=\"elementor-column elementor-col-33 elementor-top-column elementor-element elementor-element-4fb66fa\" data-id=\"4fb66fa\" data-element_type=\"column\">\n\t\t\t<div class=\"elementor-widget-wrap elementor-element-populated\">\n\t\t\t\t\t\t\t\t<div class=\"elementor-element elementor-element-89fdde0 elementor-widget elementor-widget-image\" data-id=\"89fdde0\" data-element_type=\"widget\" data-widget_type=\"image.default\">\n\t\t\t\t<div class=\"elementor-widget-container\">\n\t\t\t<style>\/*! elementor - v3.18.0 - 20-12-2023 *\/\n.elementor-widget-image{text-align:center}.elementor-widget-image a{display:inline-block}.elementor-widget-image a img[src$=\".svg\"]{width:48px}.elementor-widget-image img{vertical-align:middle;display:inline-block}<\/style>\t\t\t\t\t\t\t\t\t<figure class=\"wp-caption\">\n\t\t\t\t\t\t\t\t\t\t\t<a href=\"https:\/\/medbar.com.tr\/wp-content\/uploads\/2024\/01\/Resmi_Evrak_006_3-CE-Sertifikasi-KIWA-Ek-5.pdf\">\n\t\t\t\t\t\t\t<img fetchpriority=\"high\" decoding=\"async\" width=\"724\" height=\"1024\" src=\"https:\/\/medbar.com.tr\/wp-content\/uploads\/2024\/01\/kiwa-ce-ek5-724x1024.gif\" class=\"attachment-large size-large wp-image-3155\" alt=\"\" srcset=\"https:\/\/medbar.com.tr\/wp-content\/uploads\/2024\/01\/kiwa-ce-ek5-724x1024.gif 724w, https:\/\/medbar.com.tr\/wp-content\/uploads\/2024\/01\/kiwa-ce-ek5-212x300.gif 212w, https:\/\/medbar.com.tr\/wp-content\/uploads\/2024\/01\/kiwa-ce-ek5-768x1086.gif 768w, https:\/\/medbar.com.tr\/wp-content\/uploads\/2024\/01\/kiwa-ce-ek5-1086x1536.gif 1086w, https:\/\/medbar.com.tr\/wp-content\/uploads\/2024\/01\/kiwa-ce-ek5-1448x2048.gif 1448w, https:\/\/medbar.com.tr\/wp-content\/uploads\/2024\/01\/kiwa-ce-ek5-600x848.gif 600w\" sizes=\"(max-width: 724px) 100vw, 724px\" \/>\t\t\t\t\t\t\t\t<\/a>\n\t\t\t\t\t\t\t\t\t\t\t<figcaption class=\"widget-image-caption wp-caption-text\">CE SERT\u0130F\u0130KASI (TR)<\/figcaption>\n\t\t\t\t\t\t\t\t\t\t<\/figure>\n\t\t\t\t\t\t\t\t\t<\/div>\n\t\t\t\t<\/div>\n\t\t\t\t\t<\/div>\n\t\t<\/div>\n\t\t\t\t<div class=\"elementor-column elementor-col-33 elementor-top-column elementor-element elementor-element-862244a\" data-id=\"862244a\" data-element_type=\"column\">\n\t\t\t<div class=\"elementor-widget-wrap elementor-element-populated\">\n\t\t\t\t\t\t\t\t<div class=\"elementor-element elementor-element-ee37c5c elementor-widget elementor-widget-image\" data-id=\"ee37c5c\" data-element_type=\"widget\" data-widget_type=\"image.default\">\n\t\t\t\t<div class=\"elementor-widget-container\">\n\t\t\t\t\t\t\t\t\t\t\t\t<figure class=\"wp-caption\">\n\t\t\t\t\t\t\t\t\t\t\t<a href=\"https:\/\/medbar.com.tr\/wp-content\/uploads\/2024\/01\/Resmi_Evrak_006_EN_3-CE-Certificate-KIWA-Annex-V.pdf\">\n\t\t\t\t\t\t\t<img decoding=\"async\" width=\"724\" height=\"1024\" src=\"https:\/\/medbar.com.tr\/wp-content\/uploads\/2024\/01\/kiwa-ce-en-724x1024.gif\" class=\"attachment-large size-large wp-image-3156\" alt=\"\" srcset=\"https:\/\/medbar.com.tr\/wp-content\/uploads\/2024\/01\/kiwa-ce-en-724x1024.gif 724w, https:\/\/medbar.com.tr\/wp-content\/uploads\/2024\/01\/kiwa-ce-en-212x300.gif 212w, https:\/\/medbar.com.tr\/wp-content\/uploads\/2024\/01\/kiwa-ce-en-768x1086.gif 768w, https:\/\/medbar.com.tr\/wp-content\/uploads\/2024\/01\/kiwa-ce-en-1086x1536.gif 1086w, https:\/\/medbar.com.tr\/wp-content\/uploads\/2024\/01\/kiwa-ce-en-1448x2048.gif 1448w, https:\/\/medbar.com.tr\/wp-content\/uploads\/2024\/01\/kiwa-ce-en-600x848.gif 600w\" sizes=\"(max-width: 724px) 100vw, 724px\" \/>\t\t\t\t\t\t\t\t<\/a>\n\t\t\t\t\t\t\t\t\t\t\t<figcaption class=\"widget-image-caption wp-caption-text\">CE SERT\u0130F\u0130KASI (EN)<\/figcaption>\n\t\t\t\t\t\t\t\t\t\t<\/figure>\n\t\t\t\t\t\t\t\t\t<\/div>\n\t\t\t\t<\/div>\n\t\t\t\t\t<\/div>\n\t\t<\/div>\n\t\t\t\t<div class=\"elementor-column elementor-col-33 elementor-top-column elementor-element elementor-element-ed9b4d5\" data-id=\"ed9b4d5\" data-element_type=\"column\">\n\t\t\t<div class=\"elementor-widget-wrap elementor-element-populated\">\n\t\t\t\t\t\t\t\t<div class=\"elementor-element elementor-element-0ad71a7 elementor-widget elementor-widget-image\" data-id=\"0ad71a7\" data-element_type=\"widget\" data-widget_type=\"image.default\">\n\t\t\t\t<div class=\"elementor-widget-container\">\n\t\t\t\t\t\t\t\t\t\t\t\t<figure class=\"wp-caption\">\n\t\t\t\t\t\t\t\t\t\t\t<a href=\"https:\/\/medbar.com.tr\/wp-content\/uploads\/2024\/01\/Resmi_Evrak_009_0-ISO-13485-TR-2022.pdf\">\n\t\t\t\t\t\t\t<img decoding=\"async\" width=\"727\" height=\"1024\" src=\"https:\/\/medbar.com.tr\/wp-content\/uploads\/2024\/01\/ISO-13485-TR-2022-727x1024.jpg\" class=\"attachment-large size-large wp-image-3158\" alt=\"\" srcset=\"https:\/\/medbar.com.tr\/wp-content\/uploads\/2024\/01\/ISO-13485-TR-2022-727x1024.jpg 727w, https:\/\/medbar.com.tr\/wp-content\/uploads\/2024\/01\/ISO-13485-TR-2022-213x300.jpg 213w, https:\/\/medbar.com.tr\/wp-content\/uploads\/2024\/01\/ISO-13485-TR-2022-768x1082.jpg 768w, https:\/\/medbar.com.tr\/wp-content\/uploads\/2024\/01\/ISO-13485-TR-2022-1091x1536.jpg 1091w, https:\/\/medbar.com.tr\/wp-content\/uploads\/2024\/01\/ISO-13485-TR-2022-1454x2048.jpg 1454w, https:\/\/medbar.com.tr\/wp-content\/uploads\/2024\/01\/ISO-13485-TR-2022-600x845.jpg 600w, https:\/\/medbar.com.tr\/wp-content\/uploads\/2024\/01\/ISO-13485-TR-2022-scaled.jpg 1818w\" sizes=\"(max-width: 727px) 100vw, 727px\" \/>\t\t\t\t\t\t\t\t<\/a>\n\t\t\t\t\t\t\t\t\t\t\t<figcaption class=\"widget-image-caption wp-caption-text\">ISO 13485:2016 TR<\/figcaption>\n\t\t\t\t\t\t\t\t\t\t<\/figure>\n\t\t\t\t\t\t\t\t\t<\/div>\n\t\t\t\t<\/div>\n\t\t\t\t\t<\/div>\n\t\t<\/div>\n\t\t\t\t\t\t\t<\/div>\n\t\t<\/section>\n\t\t\t\t<section class=\"elementor-section elementor-top-section elementor-element elementor-element-ea486e1 elementor-section-boxed elementor-section-height-default elementor-section-height-default\" data-id=\"ea486e1\" data-element_type=\"section\">\n\t\t\t\t\t\t<div class=\"elementor-container elementor-column-gap-default\">\n\t\t\t\t\t<div class=\"elementor-column elementor-col-33 elementor-top-column elementor-element elementor-element-a1be18e\" data-id=\"a1be18e\" data-element_type=\"column\">\n\t\t\t<div class=\"elementor-widget-wrap\">\n\t\t\t\t\t\t\t\t\t<\/div>\n\t\t<\/div>\n\t\t\t\t<div class=\"elementor-column elementor-col-33 elementor-top-column elementor-element elementor-element-a85ec0d\" data-id=\"a85ec0d\" data-element_type=\"column\">\n\t\t\t<div class=\"elementor-widget-wrap elementor-element-populated\">\n\t\t\t\t\t\t\t\t<div class=\"elementor-element elementor-element-a7e74d6 elementor-widget elementor-widget-image\" data-id=\"a7e74d6\" data-element_type=\"widget\" data-widget_type=\"image.default\">\n\t\t\t\t<div class=\"elementor-widget-container\">\n\t\t\t\t\t\t\t\t\t\t\t\t<figure class=\"wp-caption\">\n\t\t\t\t\t\t\t\t\t\t\t<a href=\"https:\/\/medbar.com.tr\/wp-content\/uploads\/2024\/01\/Resmi_Evrak_010_0-ISO-13485-EN-2022.pdf\">\n\t\t\t\t\t\t\t<img loading=\"lazy\" decoding=\"async\" width=\"727\" height=\"1024\" src=\"https:\/\/medbar.com.tr\/wp-content\/uploads\/2024\/01\/ISO-13485-EN-2022-727x1024.jpg\" class=\"attachment-large size-large wp-image-3159\" alt=\"\" srcset=\"https:\/\/medbar.com.tr\/wp-content\/uploads\/2024\/01\/ISO-13485-EN-2022-727x1024.jpg 727w, https:\/\/medbar.com.tr\/wp-content\/uploads\/2024\/01\/ISO-13485-EN-2022-213x300.jpg 213w, https:\/\/medbar.com.tr\/wp-content\/uploads\/2024\/01\/ISO-13485-EN-2022-768x1082.jpg 768w, https:\/\/medbar.com.tr\/wp-content\/uploads\/2024\/01\/ISO-13485-EN-2022-1091x1536.jpg 1091w, https:\/\/medbar.com.tr\/wp-content\/uploads\/2024\/01\/ISO-13485-EN-2022-1454x2048.jpg 1454w, https:\/\/medbar.com.tr\/wp-content\/uploads\/2024\/01\/ISO-13485-EN-2022-600x845.jpg 600w, https:\/\/medbar.com.tr\/wp-content\/uploads\/2024\/01\/ISO-13485-EN-2022-scaled.jpg 1818w\" sizes=\"(max-width: 727px) 100vw, 727px\" \/>\t\t\t\t\t\t\t\t<\/a>\n\t\t\t\t\t\t\t\t\t\t\t<figcaption class=\"widget-image-caption wp-caption-text\">ISO 13485:2016 EN<\/figcaption>\n\t\t\t\t\t\t\t\t\t\t<\/figure>\n\t\t\t\t\t\t\t\t\t<\/div>\n\t\t\t\t<\/div>\n\t\t\t\t\t<\/div>\n\t\t<\/div>\n\t\t\t\t<div class=\"elementor-column elementor-col-33 elementor-top-column elementor-element elementor-element-080481b\" data-id=\"080481b\" data-element_type=\"column\">\n\t\t\t<div class=\"elementor-widget-wrap\">\n\t\t\t\t\t\t\t\t\t<\/div>\n\t\t<\/div>\n\t\t\t\t\t\t\t<\/div>\n\t\t<\/section>\n\t\t\t\t\t\t\t<\/div>","protected":false},"excerpt":{"rendered":"<p>CE SERT\u0130F\u0130KASI (TR) CE SERT\u0130F\u0130KASI (EN) ISO 13485:2016 TR ISO 13485:2016 EN<\/p>","protected":false},"author":1,"featured_media":0,"parent":2795,"menu_order":0,"comment_status":"closed","ping_status":"closed","template":"","meta":{"footnotes":""},"acf":[],"_links":{"self":[{"href":"https:\/\/medbar.com.tr\/en\/wp-json\/wp\/v2\/pages\/2714"}],"collection":[{"href":"https:\/\/medbar.com.tr\/en\/wp-json\/wp\/v2\/pages"}],"about":[{"href":"https:\/\/medbar.com.tr\/en\/wp-json\/wp\/v2\/types\/page"}],"author":[{"embeddable":true,"href":"https:\/\/medbar.com.tr\/en\/wp-json\/wp\/v2\/users\/1"}],"replies":[{"embeddable":true,"href":"https:\/\/medbar.com.tr\/en\/wp-json\/wp\/v2\/comments?post=2714"}],"version-history":[{"count":25,"href":"https:\/\/medbar.com.tr\/en\/wp-json\/wp\/v2\/pages\/2714\/revisions"}],"predecessor-version":[{"id":3214,"href":"https:\/\/medbar.com.tr\/en\/wp-json\/wp\/v2\/pages\/2714\/revisions\/3214"}],"up":[{"embeddable":true,"href":"https:\/\/medbar.com.tr\/en\/wp-json\/wp\/v2\/pages\/2795"}],"wp:attachment":[{"href":"https:\/\/medbar.com.tr\/en\/wp-json\/wp\/v2\/media?parent=2714"}],"curies":[{"name":"wp","href":"https:\/\/api.w.org\/{rel}","templated":true}]}}