{"id":2726,"date":"2024-01-02T15:02:46","date_gmt":"2024-01-02T12:02:46","guid":{"rendered":"https:\/\/zerowebdemo.com\/medbar\/?page_id=2726"},"modified":"2024-01-02T15:03:49","modified_gmt":"2024-01-02T12:03:49","slug":"k-v-k-k-aydinlatma-metni","status":"publish","type":"page","link":"https:\/\/medbar.com.tr\/en\/k-v-k-k-aydinlatma-metni\/","title":{"rendered":"P.D.P.L. Clarification Text"},"content":{"rendered":"<p>&nbsp;<strong>\u201cKi\u015fisel Verilerin Korunmas\u0131 Kanunu\u201d<\/strong><\/p>\n\n\n\n<p><strong>Ayd\u0131nlatma Beyan\u0131<\/strong><\/p>\n\n\n\n<p><strong>Tan\u0131mlar<\/strong><\/p>\n\n\n\n<p>\u0130\u015fbu ayd\u0131nlatma metninde ge\u00e7en;<\/p>\n\n\n\n<p><strong>Ki\u015fisel Veri:<\/strong>&nbsp;Kimli\u011fi belirli veya belirlenebilir ger\u00e7ek ki\u015fiye ili\u015fkin her t\u00fcrl\u00fc bilgiyi,<\/p>\n\n\n\n<p><strong>Ki\u015fisel Verilerin Korunmas\u0131 Kanunu (\u201cKVKK\u201d):<\/strong>&nbsp;7 Nisan 2016 tarihinde Resm\u00ee Gazete \u2019de yay\u0131nlanarak y\u00fcr\u00fcrl\u00fc\u011fe giren 6698 say\u0131l\u0131 Ki\u015fisel Verilerin Korunmas\u0131 Kanunu\u2019nu,<\/p>\n\n\n\n<p><strong>Veri \u0130\u015fleyen:<\/strong>&nbsp;Veri sorumlusunun verdi\u011fi yetkiye dayanarak onun ad\u0131na Ki\u015fisel Verileri i\u015fleyen ger\u00e7ek veya t\u00fczel ki\u015fiyi,<\/p>\n\n\n\n<p><strong>Veri Sorumlusu:<\/strong>&nbsp;Ki\u015fisel Verilerin i\u015fleme ama\u00e7lar\u0131n\u0131 ve vas\u0131talar\u0131n\u0131 belirleyen, veri kay\u0131t sisteminin kurulmas\u0131ndan ve y\u00f6netilmesinden sorumlu olan ger\u00e7ek veya t\u00fczel ki\u015fiyi, ifade eder.<\/p>\n\n\n\n<p><strong>\u0130lgili Ki\u015fi:&nbsp;<\/strong>Ki\u015fisel verisi i\u015flenen ger\u00e7ek ki\u015fiyi ifade eder.<\/p>\n\n\n\n<p><strong>Medbar T\u0131bbi Malzemeler Tur. San. ve Tic. A.\u015e.&nbsp;<\/strong><strong>(\u201c\u015eirketimiz\u201d)<\/strong>&nbsp;olarak ba\u015fta temel hak ve \u00f6zg\u00fcrl\u00fckleri korumas\u0131 olmak \u00fczere \u00f6zel hayatlara ili\u015fkin gizlili\u011fin korunmas\u0131, bilgi g\u00fcvenli\u011finin sa\u011flanmas\u0131 ve korunmas\u0131, etik de\u011ferlere sayg\u0131 \u00f6ncelikli prensiplerimiz aras\u0131nda yer almaktad\u0131r. Buna ba\u011fl\u0131 olarak Ki\u015fisel Verilerin Korunmas\u0131 Kanunu (\u201cKVKK\u201d) 10. Maddesinden do\u011fan ayd\u0131nlatma y\u00fck\u00fcml\u00fcl\u00fc\u011f\u00fcm\u00fcz\u00fc yerine getirmek kapsam\u0131nda a\u015fa\u011f\u0131da verdi\u011fimiz a\u00e7\u0131klamalar\u0131m\u0131z bilgilerinize sunulmaktad\u0131r;<\/p>\n\n\n\n<p><strong>Veri Sorumlusu<\/strong><\/p>\n\n\n\n<p>Ki\u015fisel verileriniz bak\u0131m\u0131ndan \u201cVeri Sorumlusu\u201d; \u0130zmir Ticaret Sicili nezdinde 124515 sicil numaras\u0131 ile kay\u0131tl\u0131, 0613089864800025 Mersis numaral\u0131, \u015firket merkezi \u201cFatih Mah. 1142 Sok.No:35 Sarn\u0131\u00e7\/Gaziemir-\u0130zmir\u201d&nbsp;<strong>Medbar T\u0131bbi Malzemeler Tur. San. ve Tic. A.\u015e.<\/strong>\u2019dir.<\/p>\n\n\n\n<p><strong>Verisi Toplanan Taraflar<\/strong><\/p>\n\n\n\n<p>Ki\u015fisel Verilen Korunmas\u0131 Kanunu kapsam\u0131nda \u015firketimiz ile i\u015f ili\u015fkisinde olan a\u015fa\u011f\u0131da belirtti\u011fimiz taraflar\u0131m\u0131z\u0131n verilerini toplanmaktay\u0131z. Bunlar;<\/p>\n\n\n\n<ul>\n<li>\u00c7al\u0131\u015fanlar\u0131n ve \u00c7al\u0131\u015fan adaylar\u0131m\u0131z\u0131n<\/li>\n\n\n\n<li>\u00c7al\u0131\u015fan ve \u00c7al\u0131\u015fan adaylar\u0131m\u0131z\u0131n aile bireylerinin ve yak\u0131nlar\u0131n\u0131n,<\/li>\n\n\n\n<li>M\u00fc\u015fterilerimizin,<\/li>\n\n\n\n<li>Tedarik\u00e7ilerimizin,<\/li>\n\n\n\n<li>Dan\u0131\u015fmanlar\u0131m\u0131z\u0131n,<\/li>\n\n\n\n<li>\u0130\u015f ortaklar\u0131m\u0131z\u0131n,<\/li>\n\n\n\n<li>Hissedarlar\u0131m\u0131z\u0131n,<\/li>\n\n\n\n<li>\u015eirket yetkililerimizin,<\/li>\n\n\n\n<li>\u015eirket vekillerimizin,<\/li>\n\n\n\n<li>S\u00f6zle\u015fme ili\u015fkisinde bulundu\u011fumuz ki\u015fi\/ki\u015filerin ve \u00e7al\u0131\u015fanlar\u0131n\u0131n<\/li>\n\n\n\n<li>Hukuki i\u015flemlerin muhatab\u0131 olan ki\u015fi\/ki\u015filerin,<\/li>\n\n\n\n<li>Anket kat\u0131l\u0131mc\u0131lar\u0131n\u0131n,<\/li>\n\n\n\n<li>Ziyaret\u00e7ilerimizin,<\/li>\n<\/ul>\n\n\n\n<p><strong>\u015eirketimizin Taraflar\u0131ndan Toplad\u0131\u011f\u0131 ve \u0130\u015fledi\u011fi Veriler<\/strong><\/p>\n\n\n\n<p>Ki\u015fisel Verilerin Korunmas\u0131 Kanunu 5 ve 6. Maddesi kapsam\u0131nda \u015firketimiz taraflar\u0131ndan a\u015fa\u011f\u0131da belirtilen verileri toplamakta ve i\u015flemekteyiz. Bunlar;<\/p>\n\n\n\n<ul>\n<li>Aile ve sosyal ya\u015fant\u0131 bilgileri,<\/li>\n\n\n\n<li>E\u011fitim ve \u00f6\u011fretim bilgileri,<\/li>\n\n\n\n<li>\u0130stihdam bilgileri,<\/li>\n\n\n\n<li>Talep\/\u015fik\u00e2yet y\u00f6netimi ile ilgili bilgileri,<\/li>\n\n\n\n<li>Hukuki i\u015flere ili\u015fkin bilgileri,<\/li>\n\n\n\n<li>Etik de\u011ferlere ve hukuka uyuma ili\u015fkin bilgileri,<\/li>\n\n\n\n<li>Finansal bilgileri,<\/li>\n\n\n\n<li>Denetim bilgileri,<\/li>\n\n\n\n<li>Elektronik medya kullan\u0131m\u0131 bilgileri,<\/li>\n\n\n\n<li>Sa\u011flanan ve temin edilen mal ve hizmetlerle ilgili bilgiler,<\/li>\n\n\n\n<li>\u0130\u015f aktiviteleri bilgileri,<\/li>\n\n\n\n<li>Ticaret ve di\u011fer lisans ve izinlerle ilgili bilgiler,<\/li>\n\n\n\n<li>Fiziksel mek\u00e2n g\u00fcvenlik bilgileri,<\/li>\n\n\n\n<li>G\u00f6rsel ve i\u015fitsel bilgiler (foto\u011fraf, kamera, ses kay\u0131tlar\u0131),<\/li>\n\n\n\n<li>Telekom\u00fcnikasyon kay\u0131tlar\u0131,<\/li>\n\n\n\n<li>E-posta ve bilgi sistemleri hizmetleri kullan\u0131m kay\u0131tlar\u0131,<\/li>\n\n\n\n<li>Giri\u015f kay\u0131tlar\u0131,<\/li>\n\n\n\n<li>Sa\u011fl\u0131k raporlar\u0131 ve sa\u011fl\u0131k bilgileri,<\/li>\n\n\n\n<li>Adli sicil kay\u0131t bilgileri<\/li>\n<\/ul>\n\n\n\n<p><strong>\u015eirketimizin Veri Toplama Ama\u00e7lar\u0131<\/strong><\/p>\n\n\n\n<p>Ki\u015fisel Verilerin Korunmas\u0131 Kanunu 5 ve 6. Maddesi kapsam\u0131nda a\u015fa\u011f\u0131da belirtti\u011fimiz \u015firket ama\u00e7lar\u0131m\u0131z\u0131, ilgili ama\u00e7lar ile s\u0131n\u0131rl\u0131 olmak kayd\u0131 ile ger\u00e7ekle\u015ftirebilmek i\u00e7in veri toplamakta ve i\u015flemekteyiz. Bunlar;<\/p>\n\n\n\n<ul>\n<li>\u015eirketimizin ticari faaliyetlerin ger\u00e7ekle\u015ftirilmesi.<\/li>\n\n\n\n<li>Ticari faaliyetlerine ba\u011fl\u0131 i\u015f s\u00fcre\u00e7leri yerine getirebilmesi,<\/li>\n\n\n\n<li>\u0130\u015f ortaklar\u0131 ve\/veya tedarik\u00e7ileri ile olan ili\u015fkilerin y\u00f6netimi ve y\u00fcr\u00fct\u00fclmesi,<\/li>\n\n\n\n<li>\u015eirketimizin web sitelerinin teknik olarak y\u00f6netimi,<\/li>\n\n\n\n<li>M\u00fc\u015fteri y\u00f6netimi ve \u015fikayetlerin takibi,<\/li>\n\n\n\n<li>\u00dcr\u00fcn anketleri ve \u015eirketimize g\u00f6nderdi\u011finiz sorular\u0131n takibi,<\/li>\n\n\n\n<li>\u015eirketimiz taraf\u0131ndan sunulan \u00fcr\u00fcn ve hizmetlerden sizleri faydaland\u0131rmak i\u00e7in gerekli \u00e7al\u0131\u015fmalar\u0131n i\u015f birimlerimiz taraf\u0131ndan yap\u0131lmas\u0131,<\/li>\n\n\n\n<li>\u00dcr\u00fcn ve\/veya hizmetlerin sat\u0131\u015f, pazarlama, sat\u0131\u015f sonras\u0131 s\u00fcre\u00e7lerinin planlanmas\u0131 ve icras\u0131,<\/li>\n\n\n\n<li>\u00dcr\u00fcn ve hizmetlerin i\u00e7erikleri konusunda bilgilendirme yap\u0131lmas\u0131,<\/li>\n\n\n\n<li>Yasal mevzuata uygun \u015fekilde ayr\u0131ca onay al\u0131nmak suretiyle ticari elektronik ileti g\u00f6nderilebilmesi,<\/li>\n\n\n\n<li>Yar\u0131\u015fma, etkinlik ve di\u011fer organizasyonlar\u0131n y\u00fcr\u00fct\u00fclmesi,<\/li>\n\n\n\n<li>\u015eirketimizin ve \u015eirketimizle i\u015f ili\u015fkisi i\u00e7erisinde olan ki\u015filerle hukuki ve ticari ili\u015fkilerin y\u00fcr\u00fct\u00fclmesi ve bu ili\u015fkilerin g\u00fcvenli\u011finin temini,<\/li>\n\n\n\n<li>\u015eirketimiz taraf\u0131ndan y\u00fcr\u00fct\u00fclen ileti\u015fime y\u00f6nelik idari operasyonlar,<\/li>\n\n\n\n<li>\u00c7al\u0131\u015fan idaresi ve y\u00f6netimi,<\/li>\n\n\n\n<li>\u015eirkete ait lokasyonlar\u0131n fiziksel g\u00fcvenli\u011fini ve denetiminin sa\u011flanmas\u0131,<\/li>\n\n\n\n<li>Lojistik faaliyetlerinin planlanmas\u0131,<\/li>\n\n\n\n<li>\u0130tibar ara\u015ft\u0131rma s\u00fcre\u00e7lerinin y\u00fcr\u00fct\u00fclmesi,<\/li>\n\n\n\n<li>Etik de\u011ferlere ve hukuka uyum ve hukuki i\u015f ve prosed\u00fcrlerin y\u00fcr\u00fct\u00fclmesi,<\/li>\n\n\n\n<li>S\u00f6zle\u015fme s\u00fcre\u00e7lerinin ve\/veya hukuki taleplerin takibi,<\/li>\n\n\n\n<li>\u0130nsan Kaynaklar\u0131 ve personel al\u0131m s\u00fcre\u00e7lerinin planlanmas\u0131, y\u00fcr\u00fct\u00fclmesi ile e\u011fitim ve \u00f6\u011fretim faaliyetlerinin takibi ve ger\u00e7ekle\u015ftirilmesi,<\/li>\n\n\n\n<li>\u0130\u015f sa\u011fl\u0131\u011f\u0131 ve\/veya g\u00fcvenli\u011fi s\u00fcre\u00e7lerinin planlanmas\u0131 ve\/veya icras\u0131,<\/li>\n\n\n\n<li>Ara\u015ft\u0131rma ve geli\u015ftirme faaliyetlerinin y\u00fcr\u00fct\u00fcm\u00fc ile \u015eirketimizin te\u015fviklerden faydalanabilmesinin sa\u011flanmas\u0131,<\/li>\n\n\n\n<li>Kurumsal ileti\u015fim ve kurumsal y\u00f6netim faaliyetlerinin planlanmas\u0131 ve y\u00fcr\u00fct\u00fclmesi,<\/li>\n\n\n\n<li>Bilgi g\u00fcvenli\u011fi y\u00f6netimi hizmetlerinin y\u00fcr\u00fct\u00fclmesi,<\/li>\n\n\n\n<li>Finans ve\/veya muhasebe i\u015flerinin takibi, denetimi ile m\u00fc\u015fterilerin finansal risklerinin tespitine y\u00f6nelik faaliyetlerin y\u00fcr\u00fct\u00fclmesi,<\/li>\n\n\n\n<li>\u015eirketimizin ticari ve i\u015f stratejilerinin belirlenmesi ve uygulanmas\u0131,<\/li>\n\n\n\n<li>Ziyaret\u00e7i kay\u0131tlar\u0131n\u0131n olu\u015fturulmas\u0131 ve takibi,<\/li>\n\n\n\n<li>Bilginin elde edilmesi esnas\u0131nda ilgili ki\u015fiye bildirilecek sair ama\u00e7 ya da ama\u00e7larla<\/li>\n\n\n\n<li>\u0130lgili mevzuat\u0131n gerektirdi\u011fi veya zorunlu k\u0131ld\u0131\u011f\u0131 \u015fekilde yasal y\u00fck\u00fcml\u00fcl\u00fcklerin yerine getirilmesini sa\u011flamak \u00fczere,<\/li>\n<\/ul>\n\n\n\n<p><strong>\u015eirketimiz Taraf\u0131ndan Ama\u00e7lar\u0131 Dahilinde Toplanan ve \u0130\u015flenen Verilerin Aktar\u0131m\u0131<\/strong><\/p>\n\n\n\n<p>Ki\u015fisel Verilerin Korunmas\u0131 Kanunu 8 ve 9. Maddelerinde belirtilen ki\u015fisel veri i\u015fleme \u015fartlar\u0131 ve ama\u00e7lar\u0131 \u00e7er\u00e7evesinde \u015firketimiz taraf\u0131ndan toplanan ki\u015fisel verileriniz yukar\u0131da detaylar\u0131 verilen ama\u00e7lar\u0131m\u0131z dahilinde i\u015ftiraklerimize, hissedarlar\u0131m\u0131za, i\u015f ortaklar\u0131m\u0131za (yaln\u0131zca anonim olarak), kanunen yetkili kamu kurumlar\u0131 ve \u00f6zel ki\u015filer ile di\u011fer ki\u015filerle payla\u015f\u0131labilecektir.<\/p>\n\n\n\n<p><strong>\u015eirketimiz Taraf\u0131ndan Verilerin Toplanma Y\u00f6ntemi ve Hukuki Sebebi<\/strong><\/p>\n\n\n\n<p>Ki\u015fisel veriler, \u015firketimiz taraf\u0131ndan ki\u015fisel veri sahiplerine a\u00e7\u0131k\u00e7a ve anla\u015f\u0131labilir bir \u015fekilde s\u00f6zl\u00fc, yaz\u0131l\u0131 ve\/veya elektronik bilgilendirmede bulunularak ve gerekti\u011finde a\u00e7\u0131k r\u0131zalar\u0131 al\u0131narak s\u00f6zl\u00fc, yaz\u0131l\u0131 ve\/veya elektronik yollarla, hukuka ve d\u00fcr\u00fcstl\u00fck kurallar\u0131na uygun olarak, yukar\u0131da a\u00e7\u0131k\u00e7a belirtilen me\u015fru ama\u00e7larla ba\u011flant\u0131l\u0131 ve s\u0131n\u0131rl\u0131 olmak kayd\u0131yla, \u00f6l\u00e7\u00fcl\u00fcl\u00fck prensibi \u00e7er\u00e7evesinde toplanmakta, kullan\u0131lmakta, kaydedilmekte, depolanmakta ve i\u015flenmektedir.<\/p>\n\n\n\n<p>Ki\u015fisel verilerinizin \u015firketimiz taraf\u0131ndan, bu ayd\u0131nlatma belgesinde belirtilen ama\u00e7lar d\u0131\u015f\u0131nda i\u015flenmeyece\u011fini, yurt i\u00e7inde ve yurt d\u0131\u015f\u0131nda bulunan 3. ki\u015filere aktar\u0131lmayaca\u011f\u0131n\u0131 ve saklanmayaca\u011f\u0131n\u0131 temin ederiz.<\/p>\n\n\n\n<p><strong>\u015eirketimiz Taraf\u0131ndan Toplanan Verilerin Saklanma S\u00fcresi<\/strong><\/p>\n\n\n\n<p>Ki\u015fisel verileriniz, ilgili yasal mevzuatlarda belirtilen saklama s\u00fcrelerince, ilgili yasal mevzuatlarda herhangi bir s\u00fcre belirlenmemi\u015fse \u015eirketimizin uygulamalar\u0131 ve ticari ya\u015fam\u0131n\u0131n team\u00fclleri uyar\u0131nca veya yukar\u0131da an\u0131lan i\u015fleme ama\u00e7lar\u0131n\u0131n gerekli k\u0131ld\u0131\u011f\u0131 s\u00fcre boyunca verileriniz saklanmakta ve sonras\u0131nda Ki\u015fisel Verilerin Korunmas\u0131 Kanunu 7. Maddesine uygun olarak silinmekte, yok edilmekte ya da anonim hale getirilmektedir.<\/p>\n\n\n\n<p><strong>\u015eirketimiz Taraf\u0131ndan Toplanan ve \u0130\u015flenen Verilerinizin G\u00fcvenli\u011fi<\/strong><\/p>\n\n\n\n<p>Ki\u015fisel verileriniz, i\u015flendikleri ve sakland\u0131klar\u0131 ortamlarda yetkisiz eri\u015fime maruz kalmamalar\u0131, kaybolmamalar\u0131 ve zarar g\u00f6rmemeleri amac\u0131yla y\u00f6netimimiz taraf\u0131ndan te\u015fvik edilen Bilgi G\u00fcvenli\u011fi Y\u00f6netim Sistemi (ISO 27001 Standard\u0131 ve iyi uygulamas\u0131 kitap\u00e7\u0131\u011f\u0131 27701) teknik ve idari tedbirlerini, Ki\u015fisel Veri Koruma Y\u00f6netim Sistemi (Bureau Veritas &#8211; Veri Koruma Teknik Standard\u0131, BS 10012 Veri Koruma Ki\u015fisel Bilgi Y\u00f6netim Sistemi Standard\u0131) gereklilikleri ve ayr\u0131ca KVKK kurulu taraf\u0131ndan yay\u0131mlanm\u0131\u015f Ki\u015fisel Veri G\u00fcvenli\u011fi Rehberi gereklilikleri s\u00fcrekli i\u015fletilmekte ve s\u00fcrekli iyile\u015ftirme kapsam\u0131nda geli\u015ftirmektedir.<\/p>\n\n\n\n<p><strong>Verisi Toplanan ve \u0130\u015flenen \u0130lgili Ki\u015finin Haklar\u0131<\/strong><\/p>\n\n\n\n<p>Ki\u015fisel Verilerin Korunmas\u0131 Kanunu 11. Maddesi uyar\u0131nca herkes, veri sorumlusuna ba\u015fvurarak kendisiyle ilgili;<\/p>\n\n\n\n<ol>\n<li>a) Ki\u015fisel veri i\u015flenip i\u015flenmedi\u011fini \u00f6\u011frenme,<\/li>\n\n\n\n<li>b) Ki\u015fisel verileri i\u015flenmi\u015fse buna ili\u015fkin bilgi talep etme,<\/li>\n\n\n\n<li>c) Ki\u015fisel verilerin i\u015flenme amac\u0131n\u0131 ve bunlar\u0131n amac\u0131na uygun kullan\u0131l\u0131p kullan\u0131lmad\u0131\u011f\u0131n\u0131 \u00f6\u011frenme,<\/li>\n\n\n\n<li>d) Yurt i\u00e7inde veya yurt d\u0131\u015f\u0131nda ki\u015fisel verilerin aktar\u0131ld\u0131\u011f\u0131 \u00fc\u00e7\u00fcnc\u00fc ki\u015fileri bilme,<\/li>\n\n\n\n<li>e) Ki\u015fisel verilerin eksik veya yanl\u0131\u015f i\u015flenmi\u015f olmas\u0131 h\u00e2linde bunlar\u0131n d\u00fczeltilmesini isteme,<\/li>\n\n\n\n<li>f) 7.ci maddede \u00f6ng\u00f6r\u00fclen \u015fartlar \u00e7er\u00e7evesinde ki\u015fisel verilerin silinmesini veya yok edilmesini isteme,<\/li>\n\n\n\n<li>g) (d) ve (e) bentleri uyar\u0131nca yap\u0131lan i\u015flemlerin, ki\u015fisel verilerin aktar\u0131ld\u0131\u011f\u0131 \u00fc\u00e7\u00fcnc\u00fc ki\u015filere bildirilmesini isteme,<\/li>\n\n\n\n<li>h) \u0130\u015flenen verilerin m\u00fcnhas\u0131ran otomatik sistemler vas\u0131tas\u0131yla analiz edilmesi suretiyle ki\u015finin kendisi aleyhine bir sonucun ortaya \u00e7\u0131kmas\u0131na itiraz etme,<\/li>\n\n\n\n<li>i) Ki\u015fisel verilerin kanuna ayk\u0131r\u0131 olarak i\u015flenmesi sebebiyle zarara u\u011framas\u0131 h\u00e2linde zarar\u0131n giderilmesini talep etme,&nbsp;haklar\u0131na sahiptir.<\/li>\n<\/ol>\n\n\n\n<p><strong>\u0130lgi Ki\u015finin Haklar\u0131 \u00c7er\u00e7evesinde Ba\u015fvuru Y\u00f6ntemleri<\/strong><\/p>\n\n\n\n<p>Ki\u015fisel Verilerin Korunmas\u0131 Kanunu 13. Maddesinin 1. f\u0131kras\u0131 gere\u011fince, yukar\u0131da belirtilen haklar\u0131n\u0131z\u0131 kullanmak ile ilgili talebinizi, 10 Mart 2018, 30356 Say\u0131l\u0131 yay\u0131mlanm\u0131\u015f \u201cVeri Sorumlusuna Ba\u015fvuru Usul ve Esaslar\u0131 Hakk\u0131nda Tebli\u011f\u201d istinaden a\u015fa\u011f\u0131daki y\u00f6ntemler ve bilgiler ile ger\u00e7ekle\u015ftirebilirsiniz.<\/p>\n\n\n\n<p><strong>Ba\u015fvuru i\u00e7eri\u011finde gerekli bilgiler;<\/strong><\/p>\n\n\n\n<ol>\n<li>Ba\u015fvuru sahibinin, Ad, Soyad bilgisi.<\/li>\n\n\n\n<li>Ba\u015fvuru sahibi T\u00fcrkiye Cumhuriyeti vatanda\u015f\u0131 ise T.C. Kimlik Numaras\u0131 e\u011fer de\u011fil ise Uyru\u011fu ile birlikte Pasaport numaras\u0131 veya var ise Kimlik numaras\u0131.<\/li>\n\n\n\n<li>Ba\u015fvuru sahibinin, Tebligata esas yerle\u015fim yeri veya i\u015f yeri adresi.<\/li>\n\n\n\n<li>Ba\u015fvuru sahibinin bildirime esas elektronik posta adresi, telefon veya faks.<\/li>\n\n\n\n<li>Ba\u015fvuru sahibinin, Talep konusu.<\/li>\n\n\n\n<li>Ba\u015fvuru sahibinin talep konusuna istinaden bilgi ve belgeler.<\/li>\n<\/ol>\n\n\n\n<p><strong>Ba\u015fvuru Y\u00f6ntemleri;<\/strong><\/p>\n\n\n\n<ol>\n<li>Ba\u015fvuru sahibi, \u015fahsen&nbsp;<strong>Medbar T\u0131bbi Malzemeler Tur. San. ve Tic. A.\u015e.&nbsp;<\/strong>adresine \u00abBa\u015fvuru Formu\u00bb doldurarak kapal\u0131 zarf ve zarf\u0131n \u00fczerine \u00abKi\u015fisel Verilerin Korunmas\u0131 Kanunu Gere\u011fi Bilgi Talebi\u00bb notu ile dan\u0131\u015fma ofise elden tutanak ile teslimat yapabilir.<\/li>\n\n\n\n<li>Ba\u015fvuru sahibi, Noter arac\u0131l\u0131\u011f\u0131 ile&nbsp;<strong>Medbar T\u0131bbi Malzemeler Tur. San. ve Tic. A.\u015e.&nbsp;<\/strong>adresine tebligat \u00e7ekebilir fakat tebligat zarf\u0131 \u00fczerine \u00abKi\u015fisel Verilerin Korunmas\u0131 Kanunu Gere\u011fi Bilgi Talebi\u00bb notu ibaresi eklenmelidir.<\/li>\n\n\n\n<li>5070 Say\u0131l\u0131 Elektronik imza kanununda tan\u0131ml\u0131 olan \u00abG\u00fcvenli Elektronik \u0130mza\u00bb ile ba\u015fvuru sahibi \u015fahsen \u015firketimiz Kay\u0131tl\u0131 Elektronik Posta olan medbar@hs01.kep.tr adresine konu k\u0131sm\u0131na \u00abKi\u015fisel Verilerin Korunmas\u0131 Kanunu Gere\u011fi Bilgi Talebi\u00bb notu ile ba\u015fvuru yapabilir<\/li>\n<\/ol>\n\n\n\n<p><em>*<\/em>Adres: Fatih Mah. 1142 Sok.No:35 Sarn\u0131\u00e7\/Gaziemir-\u0130zmir<\/p>\n\n\n\n<p>Yukar\u0131da belirtilen haklar\u0131n\u0131z ile ilgili ba\u015fvuru formumuza ise&nbsp;<a href=\"https:\/\/medbar.com.tr\/en\/images\/kataloglar\/medbarbasvuruformu.pdf\/\"><u>buradan<\/u>&nbsp;<\/a>ula\u015fabilirsiniz.<\/p>","protected":false},"excerpt":{"rendered":"<p>&nbsp;\u201cKi\u015fisel Verilerin Korunmas\u0131 Kanunu\u201d Ayd\u0131nlatma Beyan\u0131 Tan\u0131mlar \u0130\u015fbu ayd\u0131nlatma metninde ge\u00e7en; Ki\u015fisel Veri:&nbsp;Kimli\u011fi belirli veya belirlenebilir ger\u00e7ek ki\u015fiye ili\u015fkin her t\u00fcrl\u00fc bilgiyi, Ki\u015fisel Verilerin Korunmas\u0131 Kanunu (\u201cKVKK\u201d):&nbsp;7 Nisan 2016 tarihinde Resm\u00ee Gazete \u2019de yay\u0131nlanarak y\u00fcr\u00fcrl\u00fc\u011fe giren 6698 say\u0131l\u0131 Ki\u015fisel Verilerin Korunmas\u0131 Kanunu\u2019nu, Veri \u0130\u015fleyen:&nbsp;Veri sorumlusunun verdi\u011fi yetkiye dayanarak onun ad\u0131na Ki\u015fisel Verileri i\u015fleyen ger\u00e7ek veya [&hellip;]<\/p>","protected":false},"author":1,"featured_media":0,"parent":0,"menu_order":0,"comment_status":"closed","ping_status":"closed","template":"","meta":{"footnotes":""},"acf":[],"_links":{"self":[{"href":"https:\/\/medbar.com.tr\/en\/wp-json\/wp\/v2\/pages\/2726"}],"collection":[{"href":"https:\/\/medbar.com.tr\/en\/wp-json\/wp\/v2\/pages"}],"about":[{"href":"https:\/\/medbar.com.tr\/en\/wp-json\/wp\/v2\/types\/page"}],"author":[{"embeddable":true,"href":"https:\/\/medbar.com.tr\/en\/wp-json\/wp\/v2\/users\/1"}],"replies":[{"embeddable":true,"href":"https:\/\/medbar.com.tr\/en\/wp-json\/wp\/v2\/comments?post=2726"}],"version-history":[{"count":2,"href":"https:\/\/medbar.com.tr\/en\/wp-json\/wp\/v2\/pages\/2726\/revisions"}],"predecessor-version":[{"id":2729,"href":"https:\/\/medbar.com.tr\/en\/wp-json\/wp\/v2\/pages\/2726\/revisions\/2729"}],"wp:attachment":[{"href":"https:\/\/medbar.com.tr\/en\/wp-json\/wp\/v2\/media?parent=2726"}],"curies":[{"name":"wp","href":"https:\/\/api.w.org\/{rel}","templated":true}]}}