{"id":2797,"date":"2024-01-02T15:53:15","date_gmt":"2024-01-02T12:53:15","guid":{"rendered":"https:\/\/zerowebdemo.com\/medbar\/?page_id=2797"},"modified":"2024-05-17T11:26:09","modified_gmt":"2024-05-17T08:26:09","slug":"kalite-yonetimi-kalite-kontrol","status":"publish","type":"page","link":"https:\/\/medbar.com.tr\/en\/kalite\/kalite-yonetimi-kalite-kontrol\/","title":{"rendered":"Quality Management &amp;<\/br> Quality Control"},"content":{"rendered":"<div data-elementor-type=\"wp-page\" data-elementor-id=\"2797\" class=\"elementor elementor-2797\" data-elementor-post-type=\"page\">\n\t\t\t\t\t\t\t\t\t<section class=\"elementor-section elementor-top-section elementor-element elementor-element-daa8bbf elementor-section-full_width elementor-section-height-default elementor-section-height-default\" data-id=\"daa8bbf\" data-element_type=\"section\">\n\t\t\t\t\t\t<div class=\"elementor-container elementor-column-gap-default\">\n\t\t\t\t\t<div class=\"elementor-column elementor-col-50 elementor-top-column elementor-element elementor-element-d8a7230\" data-id=\"d8a7230\" data-element_type=\"column\">\n\t\t\t<div class=\"elementor-widget-wrap elementor-element-populated\">\n\t\t\t\t\t\t\t\t<div class=\"elementor-element elementor-element-a5fecbd elementor-widget elementor-widget-heading\" data-id=\"a5fecbd\" data-element_type=\"widget\" data-widget_type=\"heading.default\">\n\t\t\t\t<div class=\"elementor-widget-container\">\n\t\t\t<style>\/*! elementor - v3.18.0 - 20-12-2023 *\/\n.elementor-heading-title{padding:0;margin:0;line-height:1}.elementor-widget-heading .elementor-heading-title[class*=elementor-size-]>a{color:inherit;font-size:inherit;line-height:inherit}.elementor-widget-heading .elementor-heading-title.elementor-size-small{font-size:15px}.elementor-widget-heading .elementor-heading-title.elementor-size-medium{font-size:19px}.elementor-widget-heading .elementor-heading-title.elementor-size-large{font-size:29px}.elementor-widget-heading .elementor-heading-title.elementor-size-xl{font-size:39px}.elementor-widget-heading .elementor-heading-title.elementor-size-xxl{font-size:59px}<\/style><h2 class=\"elementor-heading-title elementor-size-default\">Facility<\/h2>\t\t<\/div>\n\t\t\t\t<\/div>\n\t\t\t\t<div class=\"elementor-element elementor-element-35643c8 elementor-widget elementor-widget-text-editor\" data-id=\"35643c8\" data-element_type=\"widget\" data-widget_type=\"text-editor.default\">\n\t\t\t\t<div class=\"elementor-widget-container\">\n\t\t\t<style>\/*! elementor - v3.18.0 - 20-12-2023 *\/\n.elementor-widget-text-editor.elementor-drop-cap-view-stacked .elementor-drop-cap{background-color:#69727d;color:#fff}.elementor-widget-text-editor.elementor-drop-cap-view-framed .elementor-drop-cap{color:#69727d;border:3px solid;background-color:transparent}.elementor-widget-text-editor:not(.elementor-drop-cap-view-default) .elementor-drop-cap{margin-top:8px}.elementor-widget-text-editor:not(.elementor-drop-cap-view-default) .elementor-drop-cap-letter{width:1em;height:1em}.elementor-widget-text-editor .elementor-drop-cap{float:left;text-align:center;line-height:1;font-size:50px}.elementor-widget-text-editor .elementor-drop-cap-letter{display:inline-block}<\/style>\t\t\t\t<p>As Medbar, regular tests and controls are carried out in accordance with ISO 13485 Quality Management Standard and Medical Device Regulation in order to offer the safest and highest quality products to the user.<\/p><ul class=\"list-style2\"><li>Cleanroom in ISO 8 Class in accordance with ISO 14644 Standard<\/li><li>Production on Fully Automatic Machines<\/li><li>Hygiene and Sanitation Controls<\/li><li>Pest Control<\/li><li>Heat &amp; Humidity Controls<\/li><li>Filter Controls<\/li><li>Calibrations<\/li><li>Validations<\/li><\/ul>\t\t\t\t\t\t<\/div>\n\t\t\t\t<\/div>\n\t\t\t\t\t<\/div>\n\t\t<\/div>\n\t\t\t\t<div class=\"elementor-column elementor-col-50 elementor-top-column elementor-element elementor-element-3543557\" data-id=\"3543557\" data-element_type=\"column\">\n\t\t\t<div class=\"elementor-widget-wrap elementor-element-populated\">\n\t\t\t\t\t\t\t\t<div class=\"elementor-element elementor-element-f51bfa4 elementor-widget elementor-widget-heading\" data-id=\"f51bfa4\" data-element_type=\"widget\" data-widget_type=\"heading.default\">\n\t\t\t\t<div class=\"elementor-widget-container\">\n\t\t\t<h2 class=\"elementor-heading-title elementor-size-default\">Products<\/h2>\t\t<\/div>\n\t\t\t\t<\/div>\n\t\t\t\t<div class=\"elementor-element elementor-element-ae331ad elementor-widget elementor-widget-text-editor\" data-id=\"ae331ad\" data-element_type=\"widget\" data-widget_type=\"text-editor.default\">\n\t\t\t\t<div class=\"elementor-widget-container\">\n\t\t\t\t\t\t\t<p>Our products undergo the necessary tests before they are put on the market.<\/p><ul class=\"list-style2\"><li>Input, Process and Final Checks<\/li><li>Sterility Test<\/li><li>Peel Force Test<\/li><li>Flow Measurement Test<\/li><li>Aging Test<br \/><ul class=\"list-style2\"><li>Accelerated Aging<\/li><li>Real Time Aging<\/li><\/ul><\/li><li>Tightness Test<\/li><li>Biocompatibility (irritation, sensitization, toxicity, pyrogenicity, etc.), bioburden, ethylene oxide residue, microbiological activity, bacterial and viral filtration efficiency, etc. tests in accredited laboratories<\/li><\/ul>\t\t\t\t\t\t<\/div>\n\t\t\t\t<\/div>\n\t\t\t\t\t<\/div>\n\t\t<\/div>\n\t\t\t\t\t\t\t<\/div>\n\t\t<\/section>\n\t\t\t\t<section class=\"elementor-section elementor-top-section elementor-element elementor-element-08cd0ca elementor-section-boxed elementor-section-height-default elementor-section-height-default\" data-id=\"08cd0ca\" data-element_type=\"section\">\n\t\t\t\t\t\t<div class=\"elementor-container elementor-column-gap-default\">\n\t\t\t\t\t<div class=\"elementor-column elementor-col-100 elementor-top-column elementor-element elementor-element-563d055\" data-id=\"563d055\" data-element_type=\"column\">\n\t\t\t<div class=\"elementor-widget-wrap elementor-element-populated\">\n\t\t\t\t\t\t\t\t<div class=\"elementor-element elementor-element-0aa80af elementor-arrows-position-inside elementor-pagination-position-outside elementor-widget elementor-widget-image-carousel\" data-id=\"0aa80af\" data-element_type=\"widget\" data-settings=\"{&quot;navigation&quot;:&quot;both&quot;,&quot;autoplay&quot;:&quot;yes&quot;,&quot;pause_on_hover&quot;:&quot;yes&quot;,&quot;pause_on_interaction&quot;:&quot;yes&quot;,&quot;autoplay_speed&quot;:5000,&quot;infinite&quot;:&quot;yes&quot;,&quot;speed&quot;:500,&quot;image_spacing_custom&quot;:{&quot;unit&quot;:&quot;px&quot;,&quot;size&quot;:20,&quot;sizes&quot;:[]},&quot;image_spacing_custom_tablet&quot;:{&quot;unit&quot;:&quot;px&quot;,&quot;size&quot;:&quot;&quot;,&quot;sizes&quot;:[]},&quot;image_spacing_custom_mobile&quot;:{&quot;unit&quot;:&quot;px&quot;,&quot;size&quot;:&quot;&quot;,&quot;sizes&quot;:[]}}\" data-widget_type=\"image-carousel.default\">\n\t\t\t\t<div class=\"elementor-widget-container\">\n\t\t\t<style>\/*! elementor - v3.18.0 - 20-12-2023 *\/\n.elementor-widget-image-carousel .swiper,.elementor-widget-image-carousel .swiper-container{position:static}.elementor-widget-image-carousel .swiper-container .swiper-slide figure,.elementor-widget-image-carousel .swiper .swiper-slide figure{line-height:inherit}.elementor-widget-image-carousel .swiper-slide{text-align:center}.elementor-image-carousel-wrapper:not(.swiper-container-initialized):not(.swiper-initialized) .swiper-slide{max-width:calc(100% \/ var(--e-image-carousel-slides-to-show, 3))}<\/style>\t\t<div class=\"elementor-image-carousel-wrapper swiper\" dir=\"ltr\">\n\t\t\t<div class=\"elementor-image-carousel swiper-wrapper\" aria-live=\"off\">\n\t\t\t\t\t\t\t\t<div class=\"swiper-slide\" role=\"group\" aria-roledescription=\"slide\" aria-label=\"1 of 11\"><a data-elementor-open-lightbox=\"yes\" data-elementor-lightbox-slideshow=\"0aa80af\" data-elementor-lightbox-title=\"IMG_5097-Enhanced-NR\" data-e-action-hash=\"#elementor-action%3Aaction%3Dlightbox%26settings%3DeyJpZCI6MzIxOSwidXJsIjoiaHR0cHM6XC9cL21lZGJhci5jb20udHJcL3dwLWNvbnRlbnRcL3VwbG9hZHNcLzIwMjRcLzAyXC9JTUdfNTA5Ny1FbmhhbmNlZC1OUi5qcGciLCJzbGlkZXNob3ciOiIwYWE4MGFmIn0%3D\" href=\"https:\/\/medbar.com.tr\/wp-content\/uploads\/2024\/02\/IMG_5097-Enhanced-NR.jpg\"><figure class=\"swiper-slide-inner\"><img decoding=\"async\" class=\"swiper-slide-image\" src=\"https:\/\/medbar.com.tr\/wp-content\/uploads\/2024\/02\/IMG_5097-Enhanced-NR-768x512.jpg\" alt=\"IMG_5097-Enhanced-NR\" \/><\/figure><\/a><\/div><div class=\"swiper-slide\" role=\"group\" aria-roledescription=\"slide\" aria-label=\"2 of 11\"><a data-elementor-open-lightbox=\"yes\" data-elementor-lightbox-slideshow=\"0aa80af\" data-elementor-lightbox-title=\"IMG_5076-Enhanced-NR\" data-e-action-hash=\"#elementor-action%3Aaction%3Dlightbox%26settings%3DeyJpZCI6MzIxNywidXJsIjoiaHR0cHM6XC9cL21lZGJhci5jb20udHJcL3dwLWNvbnRlbnRcL3VwbG9hZHNcLzIwMjRcLzAyXC9JTUdfNTA3Ni1FbmhhbmNlZC1OUi5qcGciLCJzbGlkZXNob3ciOiIwYWE4MGFmIn0%3D\" href=\"https:\/\/medbar.com.tr\/wp-content\/uploads\/2024\/02\/IMG_5076-Enhanced-NR.jpg\"><figure class=\"swiper-slide-inner\"><img decoding=\"async\" class=\"swiper-slide-image\" src=\"https:\/\/medbar.com.tr\/wp-content\/uploads\/2024\/02\/IMG_5076-Enhanced-NR-768x512.jpg\" alt=\"IMG_5076-Enhanced-NR\" \/><\/figure><\/a><\/div><div class=\"swiper-slide\" role=\"group\" aria-roledescription=\"slide\" aria-label=\"3 of 11\"><a data-elementor-open-lightbox=\"yes\" data-elementor-lightbox-slideshow=\"0aa80af\" data-elementor-lightbox-title=\"IMG_5125\" data-e-action-hash=\"#elementor-action%3Aaction%3Dlightbox%26settings%3DeyJpZCI6MzIyMCwidXJsIjoiaHR0cHM6XC9cL21lZGJhci5jb20udHJcL3dwLWNvbnRlbnRcL3VwbG9hZHNcLzIwMjRcLzAyXC9JTUdfNTEyNS5qcGciLCJzbGlkZXNob3ciOiIwYWE4MGFmIn0%3D\" href=\"https:\/\/medbar.com.tr\/wp-content\/uploads\/2024\/02\/IMG_5125.jpg\"><figure class=\"swiper-slide-inner\"><img decoding=\"async\" class=\"swiper-slide-image\" src=\"https:\/\/medbar.com.tr\/wp-content\/uploads\/2024\/02\/IMG_5125-768x512.jpg\" alt=\"IMG_5125\" \/><\/figure><\/a><\/div><div class=\"swiper-slide\" role=\"group\" aria-roledescription=\"slide\" aria-label=\"4 of 11\"><a data-elementor-open-lightbox=\"yes\" data-elementor-lightbox-slideshow=\"0aa80af\" data-elementor-lightbox-title=\"DSC03096 copy\" data-e-action-hash=\"#elementor-action%3Aaction%3Dlightbox%26settings%3DeyJpZCI6MzE5OCwidXJsIjoiaHR0cHM6XC9cL21lZGJhci5jb20udHJcL3dwLWNvbnRlbnRcL3VwbG9hZHNcLzIwMjRcLzAxXC9EU0MwMzA5Ni1jb3B5LXNjYWxlZC5qcGciLCJzbGlkZXNob3ciOiIwYWE4MGFmIn0%3D\" href=\"https:\/\/medbar.com.tr\/wp-content\/uploads\/2024\/01\/DSC03096-copy-scaled.jpg\"><figure class=\"swiper-slide-inner\"><img decoding=\"async\" class=\"swiper-slide-image\" src=\"https:\/\/medbar.com.tr\/wp-content\/uploads\/2024\/01\/DSC03096-copy-768x432.jpg\" alt=\"DSC03096 copy\" \/><\/figure><\/a><\/div><div class=\"swiper-slide\" role=\"group\" aria-roledescription=\"slide\" aria-label=\"5 of 11\"><a data-elementor-open-lightbox=\"yes\" data-elementor-lightbox-slideshow=\"0aa80af\" data-elementor-lightbox-title=\"DSC03072 copy\" data-e-action-hash=\"#elementor-action%3Aaction%3Dlightbox%26settings%3DeyJpZCI6MzE5NSwidXJsIjoiaHR0cHM6XC9cL21lZGJhci5jb20udHJcL3dwLWNvbnRlbnRcL3VwbG9hZHNcLzIwMjRcLzAxXC9EU0MwMzA3Mi1jb3B5LXNjYWxlZC5qcGciLCJzbGlkZXNob3ciOiIwYWE4MGFmIn0%3D\" href=\"https:\/\/medbar.com.tr\/wp-content\/uploads\/2024\/01\/DSC03072-copy-scaled.jpg\"><figure class=\"swiper-slide-inner\"><img decoding=\"async\" class=\"swiper-slide-image\" src=\"https:\/\/medbar.com.tr\/wp-content\/uploads\/2024\/01\/DSC03072-copy-768x432.jpg\" alt=\"DSC03072 copy\" \/><\/figure><\/a><\/div><div class=\"swiper-slide\" role=\"group\" aria-roledescription=\"slide\" aria-label=\"6 of 11\"><a data-elementor-open-lightbox=\"yes\" data-elementor-lightbox-slideshow=\"0aa80af\" data-elementor-lightbox-title=\"DSC03100 copy\" data-e-action-hash=\"#elementor-action%3Aaction%3Dlightbox%26settings%3DeyJpZCI6MzIwMCwidXJsIjoiaHR0cHM6XC9cL21lZGJhci5jb20udHJcL3dwLWNvbnRlbnRcL3VwbG9hZHNcLzIwMjRcLzAxXC9EU0MwMzEwMC1jb3B5LXNjYWxlZC5qcGciLCJzbGlkZXNob3ciOiIwYWE4MGFmIn0%3D\" href=\"https:\/\/medbar.com.tr\/wp-content\/uploads\/2024\/01\/DSC03100-copy-scaled.jpg\"><figure class=\"swiper-slide-inner\"><img decoding=\"async\" class=\"swiper-slide-image\" src=\"https:\/\/medbar.com.tr\/wp-content\/uploads\/2024\/01\/DSC03100-copy-768x432.jpg\" alt=\"DSC03100 copy\" \/><\/figure><\/a><\/div><div class=\"swiper-slide\" role=\"group\" aria-roledescription=\"slide\" aria-label=\"7 of 11\"><a data-elementor-open-lightbox=\"yes\" data-elementor-lightbox-slideshow=\"0aa80af\" data-elementor-lightbox-title=\"DSC03142 copy\" data-e-action-hash=\"#elementor-action%3Aaction%3Dlightbox%26settings%3DeyJpZCI6MzIwMiwidXJsIjoiaHR0cHM6XC9cL21lZGJhci5jb20udHJcL3dwLWNvbnRlbnRcL3VwbG9hZHNcLzIwMjRcLzAxXC9EU0MwMzE0Mi1jb3B5LXNjYWxlZC5qcGciLCJzbGlkZXNob3ciOiIwYWE4MGFmIn0%3D\" href=\"https:\/\/medbar.com.tr\/wp-content\/uploads\/2024\/01\/DSC03142-copy-scaled.jpg\"><figure class=\"swiper-slide-inner\"><img decoding=\"async\" class=\"swiper-slide-image\" src=\"https:\/\/medbar.com.tr\/wp-content\/uploads\/2024\/01\/DSC03142-copy-768x432.jpg\" alt=\"DSC03142 copy\" \/><\/figure><\/a><\/div><div class=\"swiper-slide\" role=\"group\" aria-roledescription=\"slide\" aria-label=\"8 of 11\"><a data-elementor-open-lightbox=\"yes\" data-elementor-lightbox-slideshow=\"0aa80af\" data-elementor-lightbox-title=\"DSC03151 copy\" data-e-action-hash=\"#elementor-action%3Aaction%3Dlightbox%26settings%3DeyJpZCI6MzIwMywidXJsIjoiaHR0cHM6XC9cL21lZGJhci5jb20udHJcL3dwLWNvbnRlbnRcL3VwbG9hZHNcLzIwMjRcLzAxXC9EU0MwMzE1MS1jb3B5LXNjYWxlZC5qcGciLCJzbGlkZXNob3ciOiIwYWE4MGFmIn0%3D\" href=\"https:\/\/medbar.com.tr\/wp-content\/uploads\/2024\/01\/DSC03151-copy-scaled.jpg\"><figure class=\"swiper-slide-inner\"><img decoding=\"async\" class=\"swiper-slide-image\" src=\"https:\/\/medbar.com.tr\/wp-content\/uploads\/2024\/01\/DSC03151-copy-768x432.jpg\" alt=\"DSC03151 copy\" \/><\/figure><\/a><\/div><div class=\"swiper-slide\" role=\"group\" aria-roledescription=\"slide\" aria-label=\"9 of 11\"><a data-elementor-open-lightbox=\"yes\" data-elementor-lightbox-slideshow=\"0aa80af\" data-elementor-lightbox-title=\"DSC03164 copy\" data-e-action-hash=\"#elementor-action%3Aaction%3Dlightbox%26settings%3DeyJpZCI6MzIwNCwidXJsIjoiaHR0cHM6XC9cL21lZGJhci5jb20udHJcL3dwLWNvbnRlbnRcL3VwbG9hZHNcLzIwMjRcLzAxXC9EU0MwMzE2NC1jb3B5LXNjYWxlZC5qcGciLCJzbGlkZXNob3ciOiIwYWE4MGFmIn0%3D\" href=\"https:\/\/medbar.com.tr\/wp-content\/uploads\/2024\/01\/DSC03164-copy-scaled.jpg\"><figure class=\"swiper-slide-inner\"><img decoding=\"async\" class=\"swiper-slide-image\" src=\"https:\/\/medbar.com.tr\/wp-content\/uploads\/2024\/01\/DSC03164-copy-768x432.jpg\" alt=\"DSC03164 copy\" \/><\/figure><\/a><\/div><div class=\"swiper-slide\" role=\"group\" aria-roledescription=\"slide\" aria-label=\"10 of 11\"><a data-elementor-open-lightbox=\"yes\" data-elementor-lightbox-slideshow=\"0aa80af\" data-elementor-lightbox-title=\"DSC03180 copy\" data-e-action-hash=\"#elementor-action%3Aaction%3Dlightbox%26settings%3DeyJpZCI6MzIwNSwidXJsIjoiaHR0cHM6XC9cL21lZGJhci5jb20udHJcL3dwLWNvbnRlbnRcL3VwbG9hZHNcLzIwMjRcLzAxXC9EU0MwMzE4MC1jb3B5LXNjYWxlZC5qcGciLCJzbGlkZXNob3ciOiIwYWE4MGFmIn0%3D\" href=\"https:\/\/medbar.com.tr\/wp-content\/uploads\/2024\/01\/DSC03180-copy-scaled.jpg\"><figure class=\"swiper-slide-inner\"><img decoding=\"async\" class=\"swiper-slide-image\" src=\"https:\/\/medbar.com.tr\/wp-content\/uploads\/2024\/01\/DSC03180-copy-768x432.jpg\" alt=\"DSC03180 copy\" \/><\/figure><\/a><\/div><div class=\"swiper-slide\" role=\"group\" aria-roledescription=\"slide\" aria-label=\"11 of 11\"><a data-elementor-open-lightbox=\"yes\" data-elementor-lightbox-slideshow=\"0aa80af\" data-elementor-lightbox-title=\"IMG_5083-Enhanced-NR\" data-e-action-hash=\"#elementor-action%3Aaction%3Dlightbox%26settings%3DeyJpZCI6MzIxOCwidXJsIjoiaHR0cHM6XC9cL21lZGJhci5jb20udHJcL3dwLWNvbnRlbnRcL3VwbG9hZHNcLzIwMjRcLzAyXC9JTUdfNTA4My1FbmhhbmNlZC1OUi5qcGciLCJzbGlkZXNob3ciOiIwYWE4MGFmIn0%3D\" href=\"https:\/\/medbar.com.tr\/wp-content\/uploads\/2024\/02\/IMG_5083-Enhanced-NR.jpg\"><figure class=\"swiper-slide-inner\"><img decoding=\"async\" class=\"swiper-slide-image\" src=\"https:\/\/medbar.com.tr\/wp-content\/uploads\/2024\/02\/IMG_5083-Enhanced-NR-768x512.jpg\" alt=\"IMG_5083-Enhanced-NR\" \/><\/figure><\/a><\/div>\t\t\t<\/div>\n\t\t\t\t\t\t\t\t\t\t\t\t<div class=\"elementor-swiper-button elementor-swiper-button-prev\" role=\"button\" tabindex=\"0\">\n\t\t\t\t\t\t<svg aria-hidden=\"true\" class=\"e-font-icon-svg e-eicon-chevron-left\" viewbox=\"0 0 1000 1000\" xmlns=\"http:\/\/www.w3.org\/2000\/svg\"><path d=\"M646 125C629 125 613 133 604 142L308 442C296 454 292 471 292 487 292 504 296 521 308 533L604 854C617 867 629 875 646 875 663 875 679 871 692 858 704 846 713 829 713 812 713 796 708 779 692 767L438 487 692 225C700 217 708 204 708 187 708 171 704 154 692 142 675 129 663 125 646 125Z\"><\/path><\/svg>\t\t\t\t\t<\/div>\n\t\t\t\t\t<div class=\"elementor-swiper-button elementor-swiper-button-next\" role=\"button\" tabindex=\"0\">\n\t\t\t\t\t\t<svg aria-hidden=\"true\" class=\"e-font-icon-svg e-eicon-chevron-right\" viewbox=\"0 0 1000 1000\" xmlns=\"http:\/\/www.w3.org\/2000\/svg\"><path d=\"M696 533C708 521 713 504 713 487 713 471 708 454 696 446L400 146C388 133 375 125 354 125 338 125 325 129 313 142 300 154 292 171 292 187 292 204 296 221 308 233L563 492 304 771C292 783 288 800 288 817 288 833 296 850 308 863 321 871 338 875 354 875 371 875 388 867 400 854L696 533Z\"><\/path><\/svg>\t\t\t\t\t<\/div>\n\t\t\t\t\n\t\t\t\t\t\t\t\t\t<div class=\"swiper-pagination\"><\/div>\n\t\t\t\t\t\t\t\t\t<\/div>\n\t\t\t\t<\/div>\n\t\t\t\t<\/div>\n\t\t\t\t\t<\/div>\n\t\t<\/div>\n\t\t\t\t\t\t\t<\/div>\n\t\t<\/section>\n\t\t\t\t\t\t\t<\/div>","protected":false},"excerpt":{"rendered":"<p>Tesis Medbar olarak en g\u00fcvenli ve en kaliteli \u00fcr\u00fcnleri kullan\u0131c\u0131n\u0131n hizmetine sunabilmek i\u00e7in ISO 13485 Kalite Y\u00f6netim Standard\u0131na ve T\u0131bbi Cihaz Y\u00f6netmeli\u011fine uygun olarak d\u00fczenli testler ve kontroller yap\u0131lmaktad\u0131r. ISO 14644 Standard\u0131na uygun olarak ISO 8 S\u0131n\u0131f\u0131nda temiz oda (Cleanroom) Tam Otomatik Makinelerde \u00dcretim Hijyen ve Sanitasyon Kontrolleri Pest Kontrol Is\u0131&amp;Nem Kontrolleri Filtre Kontrolleri Kalibrasyonlar [&hellip;]<\/p>","protected":false},"author":1,"featured_media":0,"parent":2795,"menu_order":0,"comment_status":"closed","ping_status":"closed","template":"","meta":{"footnotes":""},"acf":[],"_links":{"self":[{"href":"https:\/\/medbar.com.tr\/en\/wp-json\/wp\/v2\/pages\/2797"}],"collection":[{"href":"https:\/\/medbar.com.tr\/en\/wp-json\/wp\/v2\/pages"}],"about":[{"href":"https:\/\/medbar.com.tr\/en\/wp-json\/wp\/v2\/types\/page"}],"author":[{"embeddable":true,"href":"https:\/\/medbar.com.tr\/en\/wp-json\/wp\/v2\/users\/1"}],"replies":[{"embeddable":true,"href":"https:\/\/medbar.com.tr\/en\/wp-json\/wp\/v2\/comments?post=2797"}],"version-history":[{"count":7,"href":"https:\/\/medbar.com.tr\/en\/wp-json\/wp\/v2\/pages\/2797\/revisions"}],"predecessor-version":[{"id":3435,"href":"https:\/\/medbar.com.tr\/en\/wp-json\/wp\/v2\/pages\/2797\/revisions\/3435"}],"up":[{"embeddable":true,"href":"https:\/\/medbar.com.tr\/en\/wp-json\/wp\/v2\/pages\/2795"}],"wp:attachment":[{"href":"https:\/\/medbar.com.tr\/en\/wp-json\/wp\/v2\/media?parent=2797"}],"curies":[{"name":"wp","href":"https:\/\/api.w.org\/{rel}","templated":true}]}}