{"id":3230,"date":"2024-04-15T14:53:50","date_gmt":"2024-04-15T11:53:50","guid":{"rendered":"https:\/\/zerowebdemo.com\/medbar\/?post_type=product&#038;p=3230"},"modified":"2024-06-05T11:13:12","modified_gmt":"2024-06-05T08:13:12","slug":"uzatma-hatti-250-psi","status":"publish","type":"product","link":"https:\/\/medbar.com.tr\/en\/product\/uzatma-hatti-250-psi\/","title":{"rendered":"Extension Line (250 PSI)"},"content":{"rendered":"<ul>\n<li>2.70 mm-4.10 mm standard diameter.<\/li>\n<li>Various length options between 30-150 cm are available.<\/li>\n<li>Universal male and female luer connectors are available.<\/li>\n<li>Withstands up to 250 PSI (17 bar) pressure.<\/li>\n<li>F\/M ve M\/M konnekt\u00f6rl\u00fc \u00e7e\u015fitleri bulunmaktad\u0131r.<\/li>\n<li>30cm, 50cm, 60cm, 75cm, 90cm, 100cm, 120cm, 150cm boyutunda M\/F ve M\/M konnekt\u00f6rl\u00fc \u00e7e\u015fitleri bulunmaktad\u0131r.<\/li>\n<\/ul>","protected":false},"excerpt":{"rendered":"<ul>\n<li>2.70 mm-4.10 mm standard diameter.<\/li>\n<li>Various length options between 30-150 cm are available.<\/li>\n<li>Universal male and female luer connectors are available.<\/li>\n<li>Withstands up to 250 PSI (17 bar) pressure.<\/li>\n<li>F\/M ve M\/M konnekt\u00f6rl\u00fc \u00e7e\u015fitleri bulunmaktad\u0131r.<\/li>\n<li>30cm, 50cm, 60cm, 75cm, 90cm, 100cm, 120cm, 150cm boyutunda M\/F ve M\/M konnekt\u00f6rl\u00fc \u00e7e\u015fitleri bulunmaktad\u0131r.<\/li>\n<\/ul>\n<blockquote><p><span style=\"color: #009a93;\">294 01 Extension Line 30cm (250 PSI)<\/span><br \/>\n<span style=\"color: #009a93;\">294 02 Extension Line 50cm (250 PSI)<\/span><br \/>\n<span style=\"color: #009a93;\">294 03 Extension Line 60cm (250 PSI)<\/span><br \/>\n<span style=\"color: #009a93;\">294 04 Extension Line 75 cm (250 PSI)<\/span><br \/>\n<span style=\"color: #009a93;\">294 05 Extension Line 90 cm (250 PSI)<\/span><br \/>\n<span style=\"color: #009a93;\">294 06 Extension Line 100 cm (250 PSI)<\/span><br \/>\n<span style=\"color: #009a93;\">294 07 Extension Line 120cm (250 PSI)<\/span><br \/>\n<span style=\"color: #009a93;\">294 08 Extension Line 150cm (250 PSI)<\/span><\/p><\/blockquote>","protected":false},"featured_media":3231,"comment_status":"open","ping_status":"closed","template":"","meta":[],"product_cat":[15],"product_tag":[],"acf":[],"_links":{"self":[{"href":"https:\/\/medbar.com.tr\/en\/wp-json\/wp\/v2\/product\/3230"}],"collection":[{"href":"https:\/\/medbar.com.tr\/en\/wp-json\/wp\/v2\/product"}],"about":[{"href":"https:\/\/medbar.com.tr\/en\/wp-json\/wp\/v2\/types\/product"}],"replies":[{"embeddable":true,"href":"https:\/\/medbar.com.tr\/en\/wp-json\/wp\/v2\/comments?post=3230"}],"wp:featuredmedia":[{"embeddable":true,"href":"https:\/\/medbar.com.tr\/en\/wp-json\/wp\/v2\/media\/3231"}],"wp:attachment":[{"href":"https:\/\/medbar.com.tr\/en\/wp-json\/wp\/v2\/media?parent=3230"}],"wp:term":[{"taxonomy":"product_cat","embeddable":true,"href":"https:\/\/medbar.com.tr\/en\/wp-json\/wp\/v2\/product_cat?post=3230"},{"taxonomy":"product_tag","embeddable":true,"href":"https:\/\/medbar.com.tr\/en\/wp-json\/wp\/v2\/product_tag?post=3230"}],"curies":[{"name":"wp","href":"https:\/\/api.w.org\/{rel}","templated":true}]}}