{"id":3232,"date":"2024-04-15T14:59:09","date_gmt":"2024-04-15T11:59:09","guid":{"rendered":"https:\/\/zerowebdemo.com\/medbar\/?post_type=product&#038;p=3232"},"modified":"2024-06-05T11:14:58","modified_gmt":"2024-06-05T08:14:58","slug":"basinca-dayanikli-uzatma-hatti-800-psi","status":"publish","type":"product","link":"https:\/\/medbar.com.tr\/en\/product\/basinca-dayanikli-uzatma-hatti-800-psi\/","title":{"rendered":"Pressure Resistant Extension Line (800 PSI)"},"content":{"rendered":"<ul>\n<li>1.50 mm-3.00 mm standard diameter.<\/li>\n<li>Various length options between 30-150 cm are available.<\/li>\n<li>Suitable for all types of infusion therapy.<\/li>\n<li>Universal male and female luer connectors are available.<\/li>\n<li>Withstands up to 800 PSI (55 Bar) pressure.<\/li>\n<li>F\/M ve M\/M konnekt\u00f6rl\u00fc \u00e7e\u015fitleri bulunmaktad\u0131r.<\/li>\n<li>30cm, 50cm, 60cm, 75cm, 90cm, 100cm, 120cm, 150cm boyutunda M\/F ve M\/M konnekt\u00f6rl\u00fc \u00e7e\u015fitleri bulunmaktad\u0131r.<\/li>\n<\/ul>","protected":false},"excerpt":{"rendered":"<ul>\n<li>1.50 mm-3.00 mm standard diameter.<\/li>\n<li>Various length options between 30-150 cm are available.<\/li>\n<li>Suitable for all types of infusion therapy.<\/li>\n<li>Universal male and female luer connectors are available.<\/li>\n<li>Withstands up to 800 PSI (55 Bar) pressure.<\/li>\n<li>F\/M ve M\/M konnekt\u00f6rl\u00fc \u00e7e\u015fitleri bulunmaktad\u0131r.<\/li>\n<li>30cm, 50cm, 60cm, 75cm, 90cm, 100cm, 120cm, 150cm boyutunda M\/F ve M\/M konnekt\u00f6rl\u00fc \u00e7e\u015fitleri bulunmaktad\u0131r.<\/li>\n<\/ul>\n<blockquote><p><span style=\"color: #009a93;\">295 01 Pressure Resistant Extension Line 30 cm (800 PSI)<\/span><br \/>\n<span style=\"color: #009a93;\">295 02 Pressure Resistant Extension Line 50 cm (800 PSI)<\/span><br \/>\n<span style=\"color: #009a93;\">295 03 Pressure Resistant Extension Line 60 cm (800 PSI)<\/span><br \/>\n<span style=\"color: #009a93;\">295 04 Pressure Resistant Extension Line 75 cm (800 PSI)<\/span><br \/>\n<span style=\"color: #009a93;\">295 05 Pressure Resistant Extension Line 90 cm (800 PSI)<\/span><br \/>\n<span style=\"color: #009a93;\">295 06 Pressure Resistant Extension Line 100 cm (800 PSI)<\/span><br \/>\n<span style=\"color: #009a93;\">295 07 Pressure Resistant Extension Line 120 cm (800 PSI)<\/span><br \/>\n<span style=\"color: #009a93;\">295 08 Pressure Resistant Extension Line 150 cm (800 PSI)<\/span><\/p><\/blockquote>","protected":false},"featured_media":3233,"comment_status":"open","ping_status":"closed","template":"","meta":[],"product_cat":[15],"product_tag":[],"acf":[],"_links":{"self":[{"href":"https:\/\/medbar.com.tr\/en\/wp-json\/wp\/v2\/product\/3232"}],"collection":[{"href":"https:\/\/medbar.com.tr\/en\/wp-json\/wp\/v2\/product"}],"about":[{"href":"https:\/\/medbar.com.tr\/en\/wp-json\/wp\/v2\/types\/product"}],"replies":[{"embeddable":true,"href":"https:\/\/medbar.com.tr\/en\/wp-json\/wp\/v2\/comments?post=3232"}],"wp:featuredmedia":[{"embeddable":true,"href":"https:\/\/medbar.com.tr\/en\/wp-json\/wp\/v2\/media\/3233"}],"wp:attachment":[{"href":"https:\/\/medbar.com.tr\/en\/wp-json\/wp\/v2\/media?parent=3232"}],"wp:term":[{"taxonomy":"product_cat","embeddable":true,"href":"https:\/\/medbar.com.tr\/en\/wp-json\/wp\/v2\/product_cat?post=3232"},{"taxonomy":"product_tag","embeddable":true,"href":"https:\/\/medbar.com.tr\/en\/wp-json\/wp\/v2\/product_tag?post=3232"}],"curies":[{"name":"wp","href":"https:\/\/api.w.org\/{rel}","templated":true}]}}