{"id":3252,"date":"2024-04-16T11:15:06","date_gmt":"2024-04-16T08:15:06","guid":{"rendered":"https:\/\/zerowebdemo.com\/medbar\/?post_type=product&#038;p=3252"},"modified":"2024-06-05T11:48:18","modified_gmt":"2024-06-05T08:48:18","slug":"mini-c-kollu-skopi-kilifi","status":"publish","type":"product","link":"https:\/\/medbar.com.tr\/en\/product\/mini-c-kollu-skopi-kilifi\/","title":{"rendered":"Mini C-Arm Scopy Cover"},"content":{"rendered":"<ul>\n<li>No contamination: Perfectly wraps the equipment.<\/li>\n<li>The special U-shaped design fits easily into the device.<\/li>\n<li>Three durable straps are available to properly secure the device to the machine.<\/li>\n<li>Compatible with all Mini C Arm models.<\/li>\n<\/ul>","protected":false},"excerpt":{"rendered":"<ul>\n<li>No contamination: Perfectly wraps the equipment.<\/li>\n<li>The special U-shaped design fits easily into the device.<\/li>\n<li>Three durable straps are available to properly secure the device to the machine.<\/li>\n<li>Compatible with all Mini C Arm models.<\/li>\n<\/ul>\n<blockquote><p><span style=\"color: #009a93;\">227 33 Mini C-Kollu Skopi K\u0131l\u0131f\u0131 137&#215;160 cm (K\u00fc\u00e7\u00fck)<\/span><br \/>\n<span style=\"color: #009a93;\">227 34 Mini C-Kollu Skopi K\u0131l\u0131f\u0131 137&#215;216 cm (B\u00fcy\u00fck) <\/span><\/p><\/blockquote>","protected":false},"featured_media":3253,"comment_status":"open","ping_status":"closed","template":"","meta":[],"product_cat":[73],"product_tag":[],"acf":[],"_links":{"self":[{"href":"https:\/\/medbar.com.tr\/en\/wp-json\/wp\/v2\/product\/3252"}],"collection":[{"href":"https:\/\/medbar.com.tr\/en\/wp-json\/wp\/v2\/product"}],"about":[{"href":"https:\/\/medbar.com.tr\/en\/wp-json\/wp\/v2\/types\/product"}],"replies":[{"embeddable":true,"href":"https:\/\/medbar.com.tr\/en\/wp-json\/wp\/v2\/comments?post=3252"}],"wp:featuredmedia":[{"embeddable":true,"href":"https:\/\/medbar.com.tr\/en\/wp-json\/wp\/v2\/media\/3253"}],"wp:attachment":[{"href":"https:\/\/medbar.com.tr\/en\/wp-json\/wp\/v2\/media?parent=3252"}],"wp:term":[{"taxonomy":"product_cat","embeddable":true,"href":"https:\/\/medbar.com.tr\/en\/wp-json\/wp\/v2\/product_cat?post=3252"},{"taxonomy":"product_tag","embeddable":true,"href":"https:\/\/medbar.com.tr\/en\/wp-json\/wp\/v2\/product_tag?post=3252"}],"curies":[{"name":"wp","href":"https:\/\/api.w.org\/{rel}","templated":true}]}}